{"id":2297,"date":"2020-07-09T12:55:19","date_gmt":"2020-07-09T12:55:19","guid":{"rendered":"http:\/\/redhost:8888\/amaya\/?page_id=2297"},"modified":"2026-04-09T02:24:33","modified_gmt":"2026-04-08T23:24:33","slug":"anasayfa","status":"publish","type":"page","link":"https:\/\/rozakahve.com\/","title":{"rendered":"Anasayfa"},"content":{"rendered":"\n\t<section id=\"hero-mb-block-d81228e0-4120-4d8a-aec3-957da0d65377\" class=\"section section-hero  alignfull section-hero section-hero-image content-dark has-overlay\">\n\n\t\t \n\t\t\t<img decoding=\"async\" class=\"hero-image hero-background hero-content-center  \" src=\"https:\/\/rozakahve.com\/wp-content\/uploads\/2021\/10\/amaya-hero-latte-art.jpg\" alt=\"\" \/>\n\t\t\n\t\t<div class=\"hero-content-wrap centered-content image-uploaded hero-content-center   full-width-overlay\"  style=\"background-color:rgba(0,0,0,0.35)\" >\n\t\t\t<div class=\"hero-content section-content\">\n\t\t\t\t\t\t\t\t\t<span class=\"hero-vertical vertical-text use-body-font\">PREMIUM KAHVE STANDARDI<\/span>\n\t\t\t\t\t\t\t\t\t\t\t\t\t<div class=\"hero-content-item hero-subtitle subtitle-above use-body-font\"  data-aos=\"fade-down\" data-aos-delay=\"100\"  >KES\u0130NT\u0130S\u0130Z TEKN\u0130K DESTEK VE SERV\u0130S<\/div>\n\t\t\t\t\t\t\t\t\t\t                \t<h2 class=\"hero-content-item hero-title \"  data-aos=\"slide-up\"  >Kurumsal Kahve \u00c7\u00f6z\u00fcmleri<\/h2>\n\t\t                \n\t\t                \t\t                \t\t                \t\t                \t<div class=\"hero-content-item hero-button-wrap\">\n\t\t\t\t\t<a href=\"https:\/\/www.amayatheme.redsun.design\/dark\/shop\/\" class=\"hero-button button button-regular content-dark\" data-aos=\"fade-up\" data-aos-delay=\"380\">Teklif Al\u0131n <\/a>\n\t\t\t\t\t<\/div>\n\t\t                \t\t\t<\/div>\n\t\t<\/div>\n\n\t\t\n\t<\/section> \n\n\n\n\n<div style=\"height:56px\" aria-hidden=\"true\" class=\"wp-block-spacer\"><\/div>\n\n\n\n<h2 class=\"wp-block-heading has-text-align-center\">&#8211; Roza Kahve &#8211;<\/h2>\n\n\n\n<p class=\"has-text-align-center has-large-font-size\">\u0130\u015fletmeniz \u0130\u00e7in G\u00fcvenilir Kahve Partneriniz<\/p>\n\n\n\n<p class=\"has-text-align-center narrow\">D\u00fcnyan\u0131n en sayg\u0131n end\u00fcstriyel kahve makinesi \u00fcreticileri ve premium kahve markalar\u0131yla g\u00fc\u00e7l\u00fc bir i\u015f ortakl\u0131\u011f\u0131 y\u00fcr\u00fcten Roza Kahve, uzman kadrosuyla T\u00fcrkiye genelinde; HORECA (Otel, Restoran, Kafe) sekt\u00f6r\u00fc, kurumsal ofisler, sa\u011fl\u0131k kurulu\u015flar\u0131 ile kara ve deniz ula\u015f\u0131m a\u011flar\u0131na u\u00e7tan uca hizmet sa\u011flamaktad\u0131r. \u0130\u015fletmelerin gereksinim duydu\u011fu profesyonel donan\u0131m kurulumunu, d\u00fczenli toptan kahve tedari\u011fini ve kesintisiz teknik servis altyap\u0131s\u0131n\u0131 tek \u00e7at\u0131 alt\u0131nda g\u00fcvenle sunuyoruz.<\/p>\n\n\n\n<div style=\"height:82px\" aria-hidden=\"true\" class=\"wp-block-spacer\"><\/div>\n\n\n\n\t<section id=\"contentboxes-mb-block-0ee1a7b3-344d-46e8-8b52-927843ac8397\" class=\"section section-contentboxes  alignwide \">\n\n\t\t<div class=\"contentboxes-wrap twentyfour\">\n\t\t\t\t\t<div class=\"contentboxes-masonry \">\n\n\t\t\t\t<div class=\"grid-sizer-contentboxes\"><\/div>\n\n\t\t\t\t\n\t\t\t\t<div class=\"content-box-6543 contentboxes-image-wrap bg-image one-third-width one-and-a-half-height content-white no-vertical-text has-content cb-mobile-content-leave \"  data-aos=\"fade-up\" data-aos-delay=\"100\"  >\n\n\t\t\t\t\t<div class=\"contentboxes-image-wrap-inner\">\n\n\t\t\t\t\t\t\t\t\t\t\t<a href=\"https:\/\/www.amayatheme.redsun.design\/dark\/san-francisco\/\">\n\t\t\t\t\t\n\t\t\t\t\t\t<div class=\"contentboxes-zoom-wrap  has-box-url \">\n\t\t\t\t\t\t\n\t\t\t\t\t\t\t\t\t\t\t\t\t<div class=\"contentboxbgimage\" style=\"background-image: url(https:\/\/rozakahve.com\/wp-content\/uploads\/2020\/02\/espresso-03.jpg);\"><\/div> \n\t\t\t\t\t\t\t\t\t\t\t\t<div class=\"contentbox-overlay  has-gradient gradient-contentboxes-content-bottom\" >\n\t\t\t\t\t\t\n\t\t\t\t\t\t\t<div class=\"contentboxes-content-wrap centered-content contentboxes-content-left contentboxes-content-bottom\"  >\n\n\t\t\t\t\t\t\t\t\t\t\t\t\t\t\t\t<div class=\"contentboxes-content section-content\">\n\t\t\t\t\t\t\t\t\t\t\t\t\t\t\t\t\t\t\t\t\t\t\t\t\t\t\t\t\t\t\t\t\t\t                \t<h3 class=\"contentboxes-content-item contentboxes-title\"  data-aos=\"slide-up\"  >Makinelerimiz<\/h3>\n\t\t\t\t\t\t\t                \t\t\t\t\t\t\t                \t\t\t\t\t\t\t                \t\t\t\t\t\t\t                \t\t\t\t\t\t        \t<\/div>\n\t\t\t\t\t\t        \t\n\t\t\t\t\t\t\t\t\t\t\t\t\t\t<\/div>\n\t\t\t\t\t\t\t\t\t\t\t\t\t\n\t\t\t\t\t\t<\/div>\n\t\t\t\t\t<\/div>\n\t\t\t\t\t<\/div>\n\n\t\t\t\t\t\t\t\t\t\t\t<\/a>\n\t\t\t\t\t\t   \t \n\t\t\t\t<\/div>\n\t\t\t\t\t\n\t\t\t\n\t\t\t\t<div class=\"content-box-6735 contentboxes-image-wrap bg-image one-third-width one-and-a-half-height  no-vertical-text has-content  \"  data-aos=\"fade-up\" data-aos-delay=\"200\"  >\n\n\t\t\t\t\t<div class=\"contentboxes-image-wrap-inner\">\n\n\t\t\t\t\t\t\t\t\t\t\t<a href=\"https:\/\/www.amayatheme.redsun.design\/dark\/shop\/\">\n\t\t\t\t\t\n\t\t\t\t\t\t<div class=\"contentboxes-zoom-wrap  has-box-url \">\n\t\t\t\t\t\t\n\t\t\t\t\t\t\t\t\t\t\t\t\t<div class=\"contentboxbgimage\" style=\"background-image: url(https:\/\/rozakahve.com\/wp-content\/uploads\/2021\/10\/coffeebean-hero-beans-2.jpg);\"><\/div> \n\t\t\t\t\t\t\t\t\t\t\t\t<div class=\"contentbox-overlay  has-gradient gradient-contentboxes-content-bottom\" >\n\t\t\t\t\t\t\n\t\t\t\t\t\t\t<div class=\"contentboxes-content-wrap centered-content  contentboxes-content-bottom\"  >\n\n\t\t\t\t\t\t\t\t\t\t\t\t\t\t\t\t<div class=\"contentboxes-content section-content\">\n\t\t\t\t\t\t\t\t\t\t\t\t\t\t\t\t\t\t\t\t\t\t\t\t\t\t\t\t\t\t\t\t\t\t                \t<h3 class=\"contentboxes-content-item contentboxes-title\"  data-aos=\"slide-up\"  >Kahvelerimiz<\/h3>\n\t\t\t\t\t\t\t                \t\t\t\t\t\t\t                \t\t\t\t\t\t\t                \t\t\t\t\t\t\t                \t\t\t\t\t\t        \t<\/div>\n\t\t\t\t\t\t        \t\n\t\t\t\t\t\t\t\t\t\t\t\t\t\t<\/div>\n\t\t\t\t\t\t\t\t\t\t\t\t\t\n\t\t\t\t\t\t<\/div>\n\t\t\t\t\t<\/div>\n\t\t\t\t\t<\/div>\n\n\t\t\t\t\t\t\t\t\t\t\t<\/a>\n\t\t\t\t\t\t   \t \n\t\t\t\t<\/div>\n\t\t\t\t\t\n\t\t\t\n\t\t\t\t<div class=\"content-box-6782 contentboxes-image-wrap bg-image one-third-width one-and-a-half-height  no-vertical-text has-content  \"  data-aos=\"fade-up\" data-aos-delay=\"300\"  >\n\n\t\t\t\t\t<div class=\"contentboxes-image-wrap-inner\">\n\n\t\t\t\t\t\t\t\t\t\t\t<a href=\"https:\/\/www.amayatheme.redsun.design\/dark\/product\/cold-brew\/\">\n\t\t\t\t\t\n\t\t\t\t\t\t<div class=\"contentboxes-zoom-wrap  has-box-url \">\n\t\t\t\t\t\t\n\t\t\t\t\t\t\t\t\t\t\t\t\t<div class=\"contentboxbgimage\" style=\"background-image: url(https:\/\/rozakahve.com\/wp-content\/uploads\/2026\/04\/coffee-resized-1.png);\"><\/div> \n\t\t\t\t\t\t\t\t\t\t\t\t<div class=\"contentbox-overlay  has-gradient gradient-contentboxes-content-bottom\" >\n\t\t\t\t\t\t\n\t\t\t\t\t\t\t<div class=\"contentboxes-content-wrap centered-content  contentboxes-content-bottom\"  >\n\n\t\t\t\t\t\t\t\t\t\t\t\t\t\t\t\t<div class=\"contentboxes-content section-content\">\n\t\t\t\t\t\t\t\t\t\t\t\t\t\t\t\t\t\t\t\t\t\t\t\t\t\t\t\t\t\t\t\t\t\t                \t<h3 class=\"contentboxes-content-item contentboxes-title\"  data-aos=\"slide-up\"  >Markalar\u0131m\u0131z<\/h3>\n\t\t\t\t\t\t\t                \t\t\t\t\t\t\t                \t\t\t\t\t\t\t                \t\t\t\t\t\t\t                \t\t\t\t\t\t        \t<\/div>\n\t\t\t\t\t\t        \t\n\t\t\t\t\t\t\t\t\t\t\t\t\t\t<\/div>\n\t\t\t\t\t\t\t\t\t\t\t\t\t\n\t\t\t\t\t\t<\/div>\n\t\t\t\t\t<\/div>\n\t\t\t\t\t<\/div>\n\n\t\t\t\t\t\t\t\t\t\t\t<\/a>\n\t\t\t\t\t\t   \t \n\t\t\t\t<\/div>\n\t\t\t\t\t\n\t\t\t\t\t\t<\/div>\n\t\t\t\t<\/div>\n\n\t<\/section> \n\n\n\n\n<div style=\"height:80px\" aria-hidden=\"true\" class=\"wp-block-spacer\"><\/div>\n\n\n\n<div style=\"height:56px\" aria-hidden=\"true\" class=\"wp-block-spacer\"><\/div>\n\n\n\n<div class=\"wp-block-media-text alignfull has-media-on-the-right is-stacked-on-mobile is-vertically-aligned-center\"><div class=\"wp-block-media-text__content\">\n\t\t\t<span id=\"subtitle-mb-block-12d43259-931c-4187-8324-218023ff144b\" class=\"subtitle  subtitle-block subtitle-above subtitle-center use-body-font\">Do\u011fru Ekipman, Do\u011fru Kahve, Tam Destek<\/span>\n\t\n\n\n\n<h2 class=\"wp-block-heading has-text-align-center\">S\u0130ZE \u00d6ZEL \u00c7\u00d6Z\u00dcMLER<\/h2>\n\n\n\n<p class=\"has-text-align-center\">Her i\u015fletmenin ritmi farkl\u0131d\u0131r. Geni\u015f makine portf\u00f6y\u00fcm\u00fcz ve \u00f6zel analizlerimizle, operasyonunuza en uygun kahve \u00e7\u00f6z\u00fcm\u00fcn\u00fc birlikte tasarl\u0131yoruz. M\u00fckemmel fincana giden yolu ke\u015ffedin.<\/p>\n\n\n\n<div class=\"wp-block-buttons is-horizontal is-content-justification-center is-layout-flex wp-container-core-buttons-is-layout-499968f5 wp-block-buttons-is-layout-flex\">\n<div class=\"wp-block-button is-style-outline is-style-outline--1\"><a class=\"wp-block-button__link wp-element-button\" href=\"https:\/\/www.amayatheme.redsun.design\/dark\/shop\/\">shop now<\/a><\/div>\n<\/div>\n<\/div><figure class=\"wp-block-media-text__media\"><img fetchpriority=\"high\" decoding=\"async\" width=\"1024\" height=\"576\" src=\"https:\/\/rozakahve.com\/wp-content\/uploads\/2026\/04\/02-JDE_interior_design_portfolioruimte_JDE-9-1024x576.jpg\" alt=\"\" class=\"wp-image-6792 size-full\" srcset=\"https:\/\/rozakahve.com\/wp-content\/uploads\/2026\/04\/02-JDE_interior_design_portfolioruimte_JDE-9-1024x576.jpg 1024w, https:\/\/rozakahve.com\/wp-content\/uploads\/2026\/04\/02-JDE_interior_design_portfolioruimte_JDE-9-780x439.jpg 780w, https:\/\/rozakahve.com\/wp-content\/uploads\/2026\/04\/02-JDE_interior_design_portfolioruimte_JDE-9-870x489.jpg 870w, https:\/\/rozakahve.com\/wp-content\/uploads\/2026\/04\/02-JDE_interior_design_portfolioruimte_JDE-9-300x169.jpg 300w, https:\/\/rozakahve.com\/wp-content\/uploads\/2026\/04\/02-JDE_interior_design_portfolioruimte_JDE-9-768x432.jpg 768w, https:\/\/rozakahve.com\/wp-content\/uploads\/2026\/04\/02-JDE_interior_design_portfolioruimte_JDE-9-1536x864.jpg 1536w, https:\/\/rozakahve.com\/wp-content\/uploads\/2026\/04\/02-JDE_interior_design_portfolioruimte_JDE-9-1600x900.jpg 1600w, https:\/\/rozakahve.com\/wp-content\/uploads\/2026\/04\/02-JDE_interior_design_portfolioruimte_JDE-9-1200x675.jpg 1200w, https:\/\/rozakahve.com\/wp-content\/uploads\/2026\/04\/02-JDE_interior_design_portfolioruimte_JDE-9-800x450.jpg 800w, https:\/\/rozakahve.com\/wp-content\/uploads\/2026\/04\/02-JDE_interior_design_portfolioruimte_JDE-9-560x315.jpg 560w, https:\/\/rozakahve.com\/wp-content\/uploads\/2026\/04\/02-JDE_interior_design_portfolioruimte_JDE-9.jpg 1920w\" sizes=\"(max-width: 1024px) 100vw, 1024px\" \/><\/figure><\/div>\n\n\n\n<div style=\"height:32px\" aria-hidden=\"true\" class=\"wp-block-spacer\"><\/div>\n\n\n\n\t<section id=\"contentboxes-mb-block-81a98311-135b-412a-aea2-bbf6ca1bbd24\" class=\"section section-contentboxes  alignwide \">\n\n\t\t<div class=\"contentboxes-wrap none\">\n\t\t\t\t\t<div class=\"contentboxes-masonry \">\n\n\t\t\t\t<div class=\"grid-sizer-contentboxes\"><\/div>\n\n\t\t\t\t\n\t\t\t\t<div class=\"content-box- contentboxes-image-wrap bg-none quarter-width square content-dark no-vertical-text has-content  \"  data-aos=\"fade-up\" data-aos-delay=\"100\"  >\n\n\t\t\t\t\t<div class=\"contentboxes-image-wrap-inner\">\n\n\t\t\t\t\t\n\t\t\t\t\t\t<div class=\"contentboxes-zoom-wrap \">\n\t\t\t\t\t\t\n\t\t\t\t\t\t\n\t\t\t\t\t\t\n\t\t\t\t\t\t\t<div class=\"contentboxes-content-wrap centered-content contentboxes-content-center contentboxes-content-middle\"  >\n\n\t\t\t\t\t\t\t\t\t\t\t\t\t\t\t\t<div class=\"contentboxes-content section-content\">\n\t\t\t\t\t\t\t\t\t\t\t\t\t\t\t\t\t\t\t\t\t\t\t\t\t\t\t\t\t\t\t\t\t\t                \t<h6 class=\"contentboxes-content-item contentboxes-title\"  data-aos=\"slide-up\"  ><i class=\"pe-7s-bicycle pe-3x\"><\/i>\r\nZaman\u0131nda Teslimat<\/h6>\n\t\t\t\t\t\t\t                \t\t\t\t\t\t\t                \t\t\t\t\t\t\t                \t\t\t\t\t\t\t                \t<div class=\"contentboxes-content-item contentboxes-text\"  data-aos=\"fade-right\" data-aos-delay=\"340\"  >\u0130\u015fletmenizin kahve stoklar\u0131n\u0131 aksatmadan, planl\u0131 sevkiyat program\u0131m\u0131zla kap\u0131n\u0131za kadar ula\u015ft\u0131r\u0131yoruz<\/div>\n\t\t\t\t\t\t\t                \t\t\t\t\t\t\t                \t\t\t\t\t\t        \t<\/div>\n\t\t\t\t\t\t        \t\n\t\t\t\t\t\t\t\t\t\t\t\t\t\n\t\t\t\t\t\t<\/div>\n\t\t\t\t\t<\/div>\n\t\t\t\t\t<\/div>\n\n\t\t\t\t\t\t   \t \n\t\t\t\t<\/div>\n\t\t\t\t\t\n\t\t\t\n\t\t\t\t<div class=\"content-box- contentboxes-image-wrap bg-none quarter-width square  no-vertical-text has-content  \"  data-aos=\"fade-up\" data-aos-delay=\"200\"  >\n\n\t\t\t\t\t<div class=\"contentboxes-image-wrap-inner\">\n\n\t\t\t\t\t\n\t\t\t\t\t\t<div class=\"contentboxes-zoom-wrap \">\n\t\t\t\t\t\t\n\t\t\t\t\t\t\n\t\t\t\t\t\t\n\t\t\t\t\t\t\t<div class=\"contentboxes-content-wrap centered-content contentboxes-content-center contentboxes-content-middle\"  >\n\n\t\t\t\t\t\t\t\t\t\t\t\t\t\t\t\t<div class=\"contentboxes-content section-content\">\n\t\t\t\t\t\t\t\t\t\t\t\t\t\t\t\t\t\t\t\t\t\t\t\t\t\t\t\t\t\t\t\t\t\t                \t<h6 class=\"contentboxes-content-item contentboxes-title\"  data-aos=\"slide-up\"  ><i class=\"pe-7s-like pe-3x\"><\/i>\r\nKesintisiz \u0130\u015f Ortakl\u0131\u011f\u0131<\/h6>\n\t\t\t\t\t\t\t                \t\t\t\t\t\t\t                \t\t\t\t\t\t\t                \t\t\t\t\t\t\t                \t<div class=\"contentboxes-content-item contentboxes-text\"  data-aos=\"fade-right\" data-aos-delay=\"340\"  >Sadece bir tedarik\u00e7i de\u011fil, her an yan\u0131n\u0131zda olan bir \u00e7\u00f6z\u00fcm orta\u011f\u0131y\u0131z. Sat\u0131\u015f sonras\u0131 deste\u011fimizle yan\u0131n\u0131zday\u0131z.<\/div>\n\t\t\t\t\t\t\t                \t\t\t\t\t\t\t                \t\t\t\t\t\t        \t<\/div>\n\t\t\t\t\t\t        \t\n\t\t\t\t\t\t\t\t\t\t\t\t\t\n\t\t\t\t\t\t<\/div>\n\t\t\t\t\t<\/div>\n\t\t\t\t\t<\/div>\n\n\t\t\t\t\t\t   \t \n\t\t\t\t<\/div>\n\t\t\t\t\t\n\t\t\t\n\t\t\t\t<div class=\"content-box- contentboxes-image-wrap bg-none quarter-width square  no-vertical-text has-content  \"  data-aos=\"fade-up\" data-aos-delay=\"300\"  >\n\n\t\t\t\t\t<div class=\"contentboxes-image-wrap-inner\">\n\n\t\t\t\t\t\n\t\t\t\t\t\t<div class=\"contentboxes-zoom-wrap \">\n\t\t\t\t\t\t\n\t\t\t\t\t\t\n\t\t\t\t\t\t\n\t\t\t\t\t\t\t<div class=\"contentboxes-content-wrap centered-content contentboxes-content-center contentboxes-content-middle\"  >\n\n\t\t\t\t\t\t\t\t\t\t\t\t\t\t\t\t<div class=\"contentboxes-content section-content\">\n\t\t\t\t\t\t\t\t\t\t\t\t\t\t\t\t\t\t\t\t\t\t\t\t\t\t\t\t\t\t\t\t\t\t                \t<h6 class=\"contentboxes-content-item contentboxes-title\"  data-aos=\"slide-up\"  ><i class=\"pe-7s-leaf pe-3x\"><\/i>\r\n\u00c7ekirdekten Fincana Kalite<\/h6>\n\t\t\t\t\t\t\t                \t\t\t\t\t\t\t                \t\t\t\t\t\t\t                \t\t\t\t\t\t\t                \t<div class=\"contentboxes-content-item contentboxes-text\"  data-aos=\"fade-right\" data-aos-delay=\"340\"  >D\u00fcnyan\u0131n en iyi b\u00f6lgelerinden se\u00e7ilen premium kahve \u00e7ekirdeklerini, en taze haliyle i\u015fletmenize sunuyoruz.<\/div>\n\t\t\t\t\t\t\t                \t\t\t\t\t\t\t                \t\t\t\t\t\t        \t<\/div>\n\t\t\t\t\t\t        \t\n\t\t\t\t\t\t\t\t\t\t\t\t\t\n\t\t\t\t\t\t<\/div>\n\t\t\t\t\t<\/div>\n\t\t\t\t\t<\/div>\n\n\t\t\t\t\t\t   \t \n\t\t\t\t<\/div>\n\t\t\t\t\t\n\t\t\t\n\t\t\t\t<div class=\"content-box- contentboxes-image-wrap bg-none quarter-width uncropped content-dark no-vertical-text has-content  \"  data-aos=\"fade-up\" data-aos-delay=\"400\"  >\n\n\t\t\t\t\t<div class=\"contentboxes-image-wrap-inner\">\n\n\t\t\t\t\t\n\t\t\t\t\t\t<div class=\"contentboxes-zoom-wrap \">\n\t\t\t\t\t\t\n\t\t\t\t\t\t\n\t\t\t\t\t\t\n\t\t\t\t\t\t\t<div class=\"contentboxes-content-wrap centered-content contentboxes-content-center contentboxes-content-middle\"  >\n\n\t\t\t\t\t\t\t\t\t\t\t\t\t\t\t\t<div class=\"contentboxes-content section-content\">\n\t\t\t\t\t\t\t\t\t\t\t\t\t\t\t\t\t\t\t\t\t\t\t\t\t\t\t\t\t\t\t\t\t\t                \t<h6 class=\"contentboxes-content-item contentboxes-title\"  data-aos=\"slide-up\"  ><i class=\"pe-7s-mail pe-3x\"><\/i>Profesyonel Dan\u0131\u015fmanl\u0131k<\/h6>\n\t\t\t\t\t\t\t                \t\t\t\t\t\t\t                \t\t\t\t\t\t\t                \t\t\t\t\t\t\t                \t<div class=\"contentboxes-content-item contentboxes-text\"  data-aos=\"fade-right\" data-aos-delay=\"340\"  >\u0130\u015fletmeniz i\u00e7in en do\u011fru makine ve kahve se\u00e7imini yapmak i\u00e7in uzman ekibimizle ileti\u015fime ge\u00e7in.<\/div>\n\t\t\t\t\t\t\t                \t\t\t\t\t\t\t                \t\t\t\t\t\t        \t<\/div>\n\t\t\t\t\t\t        \t\n\t\t\t\t\t\t\t\t\t\t\t\t\t\n\t\t\t\t\t\t<\/div>\n\t\t\t\t\t<\/div>\n\t\t\t\t\t<\/div>\n\n\t\t\t\t\t\t   \t \n\t\t\t\t<\/div>\n\t\t\t\t\t\n\t\t\t\t\t\t<\/div>\n\t\t\t\t<\/div>\n\n\t<\/section> \n\n\n\n\n<div style=\"height:26px\" aria-hidden=\"true\" class=\"wp-block-spacer\"><\/div>\n\n\n\n<div class=\"wp-block-media-text alignfull is-stacked-on-mobile is-vertically-aligned-center\" id=\"findus\"><figure class=\"wp-block-media-text__media\"><img decoding=\"async\" width=\"1024\" height=\"1024\" src=\"https:\/\/www.amayatheme.redsun.design\/dark\/wp-content\/uploads\/sites\/5\/2021\/10\/amaya-110-1024x1024.jpg\" alt=\"\" class=\"wp-image-6480 size-full\" srcset=\"https:\/\/rozakahve.com\/wp-content\/uploads\/2021\/10\/amaya-110-1024x1024.jpg 1024w, https:\/\/rozakahve.com\/wp-content\/uploads\/2021\/10\/amaya-110-780x780.jpg 780w, https:\/\/rozakahve.com\/wp-content\/uploads\/2021\/10\/amaya-110-100x100.jpg 100w, https:\/\/rozakahve.com\/wp-content\/uploads\/2021\/10\/amaya-110-870x870.jpg 870w, https:\/\/rozakahve.com\/wp-content\/uploads\/2021\/10\/amaya-110-300x300.jpg 300w, https:\/\/rozakahve.com\/wp-content\/uploads\/2021\/10\/amaya-110-150x150.jpg 150w, https:\/\/rozakahve.com\/wp-content\/uploads\/2021\/10\/amaya-110-768x768.jpg 768w, https:\/\/rozakahve.com\/wp-content\/uploads\/2021\/10\/amaya-110-800x800.jpg 800w, https:\/\/rozakahve.com\/wp-content\/uploads\/2021\/10\/amaya-110-560x560.jpg 560w, https:\/\/rozakahve.com\/wp-content\/uploads\/2021\/10\/amaya-110-250x250.jpg 250w, https:\/\/rozakahve.com\/wp-content\/uploads\/2021\/10\/amaya-110-120x120.jpg 120w, https:\/\/rozakahve.com\/wp-content\/uploads\/2021\/10\/amaya-110.jpg 1200w\" sizes=\"(max-width: 1024px) 100vw, 1024px\" \/><\/figure><div class=\"wp-block-media-text__content\">\n<h2 class=\"wp-block-heading has-text-align-center\">Find Us<\/h2>\n\n\n\n<div style=\"height:27px\" aria-hidden=\"true\" class=\"wp-block-spacer\"><\/div>\n\n\n\n<p class=\"has-text-align-center\"><strong>WHERE<\/strong><\/p>\n\n\n\n<p class=\"has-text-align-center\">317 Pacific C Hwy<br>Huntington Beach, CA 92648<\/p>\n\n\n\n<div class=\"wp-block-buttons is-horizontal is-content-justification-center is-layout-flex wp-container-core-buttons-is-layout-499968f5 wp-block-buttons-is-layout-flex\">\n<div class=\"wp-block-button\"><a class=\"wp-block-button__link no-border-radius wp-element-button\" href=\"http:\/\/goo.gl\/maps\/m3vB7\" target=\"_blank\" rel=\"noreferrer noopener\">view map<\/a><\/div>\n\n\n\n<div class=\"wp-block-button is-style-outline is-style-outline--2\"><a class=\"wp-block-button__link no-border-radius wp-element-button\" href=\"https:\/\/www.amayatheme.redsun.design\/dark\/book-a-table\/\">book a table<\/a><\/div>\n<\/div>\n\n\n\n<div style=\"height:60px\" aria-hidden=\"true\" class=\"wp-block-spacer\"><\/div>\n\n\n\n<p class=\"has-text-align-center\"><strong>WHEN<\/strong><\/p>\n\n\n\n<p class=\"has-text-align-center\">Monday \u2013 Friday<br>7am \u2013 6pm<\/p>\n\n\n\n<p class=\"has-text-align-center\">Saturday\/Sunday<br>8am \u2013 6pm<\/p>\n<\/div><\/div>\n","protected":false},"excerpt":{"rendered":"- Roza Kahve - \u0130\u015fletmeniz \u0130\u00e7in G\u00fcvenilir Kahve Partneriniz D\u00fcnyan\u0131n en sayg\u0131n end\u00fcstriyel kahve makinesi \u00fcreticileri ve premium kahve markalar\u0131yla g\u00fc\u00e7l\u00fc bir i\u015f ortakl\u0131\u011f\u0131 ...","protected":false},"author":1,"featured_media":0,"parent":0,"menu_order":1,"comment_status":"closed","ping_status":"closed","template":"","meta":{"_uag_custom_page_level_css":"","footnotes":""},"class_list":["post-2297","page","type-page","status-publish","hentry"],"uagb_featured_image_src":{"full":false,"thumbnail":false,"medium":false,"medium_large":false,"large":false,"1536x1536":false,"2048x2048":false,"amaya-uncropped":false,"amaya-uncropped-largex2":false,"amaya-uncropped-full":false,"amaya-uncropped-large":false,"amaya-uncropped-medium":false,"amaya-suare":false,"amaya-square-largex2":false,"amaya-square-full":false,"amaya-square-large":false,"amaya-square-medium":false,"amaya-square-small":false,"amaya-square-mini":false,"amaya-landscape":false,"amaya-landscape-largex2":false,"amaya-landscape-full":false,"amaya-landscape-large":false,"amaya-landscape-medium":false,"amaya-landscape-mini":false,"amaya-landscapenarrow":false,"amaya-landscapenarrow-largex2":false,"amaya-landscapenarrow-large":false,"woocommerce_thumbnail":false,"woocommerce_single":false,"woocommerce_gallery_thumbnail":false},"uagb_author_info":{"display_name":"66ad79","author_link":"https:\/\/rozakahve.com\/?author=1"},"uagb_comment_info":0,"uagb_excerpt":"&#8211; Roza Kahve &#8211; \u0130\u015fletmeniz \u0130\u00e7in G\u00fcvenilir Kahve Partneriniz D\u00fcnyan\u0131n en sayg\u0131n end\u00fcstriyel kahve makinesi \u00fcreticileri ve premium kahve markalar\u0131yla g\u00fc\u00e7l\u00fc bir i\u015f ortakl\u0131\u011f\u0131 y\u00fcr\u00fcten Roza Kahve, uzman kadrosuyla T\u00fcrkiye genelinde; HORECA (Otel, Restoran, Kafe) sekt\u00f6r\u00fc, kurumsal ofisler, sa\u011fl\u0131k kurulu\u015flar\u0131 ile kara ve deniz ula\u015f\u0131m a\u011flar\u0131na u\u00e7tan uca hizmet sa\u011flamaktad\u0131r. \u0130\u015fletmelerin gereksinim duydu\u011fu profesyonel donan\u0131m&hellip;","_links":{"self":[{"href":"https:\/\/rozakahve.com\/index.php?rest_route=\/wp\/v2\/pages\/2297","targetHints":{"allow":["GET"]}}],"collection":[{"href":"https:\/\/rozakahve.com\/index.php?rest_route=\/wp\/v2\/pages"}],"about":[{"href":"https:\/\/rozakahve.com\/index.php?rest_route=\/wp\/v2\/types\/page"}],"author":[{"embeddable":true,"href":"https:\/\/rozakahve.com\/index.php?rest_route=\/wp\/v2\/users\/1"}],"replies":[{"embeddable":true,"href":"https:\/\/rozakahve.com\/index.php?rest_route=%2Fwp%2Fv2%2Fcomments&post=2297"}],"version-history":[{"count":11,"href":"https:\/\/rozakahve.com\/index.php?rest_route=\/wp\/v2\/pages\/2297\/revisions"}],"predecessor-version":[{"id":6830,"href":"https:\/\/rozakahve.com\/index.php?rest_route=\/wp\/v2\/pages\/2297\/revisions\/6830"}],"wp:attachment":[{"href":"https:\/\/rozakahve.com\/index.php?rest_route=%2Fwp%2Fv2%2Fmedia&parent=2297"}],"curies":[{"name":"wp","href":"https:\/\/api.w.org\/{rel}","templated":true}]}}