{"id":1940,"date":"2020-06-28T13:14:22","date_gmt":"2020-06-28T13:14:22","guid":{"rendered":"http:\/\/redhost:8888\/amaya\/?page_id=1940"},"modified":"2020-06-28T13:14:22","modified_gmt":"2020-06-28T13:14:22","slug":"recommended-and-supported-plugins","status":"publish","type":"page","link":"https:\/\/rozakahve.com\/?page_id=1940","title":{"rendered":"Recommended and Supported Plugins"},"content":{"rendered":"\n<p class=\"has-text-align-center\">Find below a demonstration of the plugins <br>recommended and supported bythe theme.<\/p>\n\n\n\n<div style=\"height:72px\" aria-hidden=\"true\" class=\"wp-block-spacer\"><\/div>\n\n\n\n<p class=\"has-text-align-center\"><strong>E-COMMERCE SHOP<\/strong><br><a href=\"https:\/\/de.wordpress.org\/plugins\/instagram-feed\/\">WooCommerce<\/a><\/p>\n\n\n<div data-block-name=\"woocommerce\/product-top-rated\" data-categories=\"[]\" data-columns=\"4\" data-content-visibility=\"{&quot;title&quot;:true,&quot;price&quot;:true,&quot;rating&quot;:true,&quot;button&quot;:true}\" data-rows=\"1\" class=\"wc-block-grid wp-block-product-top-rated wp-block-woocommerce-product-top-rated wc-block-product-top-rated has-4-columns\"><ul class=\"wc-block-grid__products\"><li class=\"wc-block-grid__product\">\n\t\t\t\t<a href=\"https:\/\/rozakahve.com\/?product=house-blend\" class=\"wc-block-grid__product-link\">\n\t\t\t\t\t\n\t\t\t\t\t<div class=\"wc-block-grid__product-image\"><img fetchpriority=\"high\" decoding=\"async\" width=\"780\" height=\"1091\" src=\"https:\/\/rozakahve.com\/wp-content\/uploads\/2020\/05\/coffee-bag-dark-yellow-780x1091.jpg\" class=\"attachment-woocommerce_thumbnail size-woocommerce_thumbnail\" alt=\"House Blend\" srcset=\"https:\/\/rozakahve.com\/wp-content\/uploads\/2020\/05\/coffee-bag-dark-yellow-780x1091.jpg 780w, https:\/\/rozakahve.com\/wp-content\/uploads\/2020\/05\/coffee-bag-dark-yellow-214x300.jpg 214w, https:\/\/rozakahve.com\/wp-content\/uploads\/2020\/05\/coffee-bag-dark-yellow-732x1024.jpg 732w, https:\/\/rozakahve.com\/wp-content\/uploads\/2020\/05\/coffee-bag-dark-yellow-768x1074.jpg 768w, https:\/\/rozakahve.com\/wp-content\/uploads\/2020\/05\/coffee-bag-dark-yellow-800x1119.jpg 800w, https:\/\/rozakahve.com\/wp-content\/uploads\/2020\/05\/coffee-bag-dark-yellow-560x783.jpg 560w, https:\/\/rozakahve.com\/wp-content\/uploads\/2020\/05\/coffee-bag-dark-yellow-600x839.jpg 600w, https:\/\/rozakahve.com\/wp-content\/uploads\/2020\/05\/coffee-bag-dark-yellow.jpg 870w\" sizes=\"(max-width: 780px) 100vw, 780px\" \/><\/div>\n\t\t\t\t\t<div class=\"wc-block-grid__product-title\">House Blend<\/div>\n\t\t\t\t<\/a>\n\t\t\t\t<div class=\"wc-block-grid__product-price price\"><span class=\"woocommerce-Price-amount amount\" aria-hidden=\"true\"><span class=\"woocommerce-Price-currencySymbol\">&#036;<\/span>19.00<\/span> <span aria-hidden=\"true\"> \u2013 <\/span> <span class=\"woocommerce-Price-amount amount\" aria-hidden=\"true\"><span class=\"woocommerce-Price-currencySymbol\">&#036;<\/span>27.00<\/span><span class=\"screen-reader-text\">Fiyat aral\u0131\u011f\u0131: &#036;19.00 &#8211; &#036;27.00<\/span><\/div>\n\t\t\t\t\n\t\t\t\t<div class=\"wp-block-button wc-block-grid__product-add-to-cart\"><a href=\"https:\/\/rozakahve.com\/?product=house-blend\" aria-label=\"&ldquo;House Blend&rdquo; i\u00e7in se\u00e7enekleri se\u00e7in\" data-quantity=\"1\" data-product_id=\"397\" data-product_sku=\"\" data-price=\"19\" rel=\"nofollow\" class=\"wp-block-button__link  add_to_cart_button\">Se\u00e7enekler<\/a><\/div>\n\t\t\t<\/li><li class=\"wc-block-grid__product\">\n\t\t\t\t<a href=\"https:\/\/rozakahve.com\/?product=gift-card\" class=\"wc-block-grid__product-link\">\n\t\t\t\t\t\n\t\t\t\t\t<div class=\"wc-block-grid__product-image\"><img decoding=\"async\" width=\"780\" height=\"1091\" src=\"https:\/\/rozakahve.com\/wp-content\/uploads\/2021\/10\/Membership-Card-Mockup-780x1091.jpg\" class=\"attachment-woocommerce_thumbnail size-woocommerce_thumbnail\" alt=\"AMAYA Gift Card\" srcset=\"https:\/\/rozakahve.com\/wp-content\/uploads\/2021\/10\/Membership-Card-Mockup-780x1091.jpg 780w, https:\/\/rozakahve.com\/wp-content\/uploads\/2021\/10\/Membership-Card-Mockup-214x300.jpg 214w, https:\/\/rozakahve.com\/wp-content\/uploads\/2021\/10\/Membership-Card-Mockup-732x1024.jpg 732w, https:\/\/rozakahve.com\/wp-content\/uploads\/2021\/10\/Membership-Card-Mockup-768x1074.jpg 768w, https:\/\/rozakahve.com\/wp-content\/uploads\/2021\/10\/Membership-Card-Mockup-800x1119.jpg 800w, https:\/\/rozakahve.com\/wp-content\/uploads\/2021\/10\/Membership-Card-Mockup-560x783.jpg 560w, https:\/\/rozakahve.com\/wp-content\/uploads\/2021\/10\/Membership-Card-Mockup-600x839.jpg 600w, https:\/\/rozakahve.com\/wp-content\/uploads\/2021\/10\/Membership-Card-Mockup.jpg 870w\" sizes=\"(max-width: 780px) 100vw, 780px\" \/><\/div>\n\t\t\t\t\t<div class=\"wc-block-grid__product-title\">AMAYA Gift Card<\/div>\n\t\t\t\t<\/a>\n\t\t\t\t<div class=\"wc-block-grid__product-price price\"><span class=\"woocommerce-Price-amount amount\" aria-hidden=\"true\"><span class=\"woocommerce-Price-currencySymbol\">&#036;<\/span>10.00<\/span> <span aria-hidden=\"true\"> \u2013 <\/span> <span class=\"woocommerce-Price-amount amount\" aria-hidden=\"true\"><span class=\"woocommerce-Price-currencySymbol\">&#036;<\/span>50.00<\/span><span class=\"screen-reader-text\">Fiyat aral\u0131\u011f\u0131: &#036;10.00 &#8211; &#036;50.00<\/span><\/div>\n\t\t\t\t\n\t\t\t\t<div class=\"wp-block-button wc-block-grid__product-add-to-cart\"><a href=\"https:\/\/rozakahve.com\/?product=gift-card\" aria-label=\"&ldquo;AMAYA Gift Card&rdquo; i\u00e7in se\u00e7enekleri se\u00e7in\" data-quantity=\"1\" data-product_id=\"445\" data-product_sku=\"\" data-price=\"10\" rel=\"nofollow\" class=\"wp-block-button__link  add_to_cart_button\">Se\u00e7enekler<\/a><\/div>\n\t\t\t<\/li><li class=\"wc-block-grid__product\">\n\t\t\t\t<a href=\"https:\/\/rozakahve.com\/?product=breakfast-blend\" class=\"wc-block-grid__product-link\">\n\t\t\t\t\t\n\t\t\t\t\t<div class=\"wc-block-grid__product-image\"><img decoding=\"async\" width=\"780\" height=\"1091\" src=\"https:\/\/rozakahve.com\/wp-content\/uploads\/2020\/05\/coffee-bag-dark-grey-780x1091.jpg\" class=\"attachment-woocommerce_thumbnail size-woocommerce_thumbnail\" alt=\"Breakfast Blend\" srcset=\"https:\/\/rozakahve.com\/wp-content\/uploads\/2020\/05\/coffee-bag-dark-grey-780x1091.jpg 780w, https:\/\/rozakahve.com\/wp-content\/uploads\/2020\/05\/coffee-bag-dark-grey-214x300.jpg 214w, https:\/\/rozakahve.com\/wp-content\/uploads\/2020\/05\/coffee-bag-dark-grey-732x1024.jpg 732w, https:\/\/rozakahve.com\/wp-content\/uploads\/2020\/05\/coffee-bag-dark-grey-768x1074.jpg 768w, https:\/\/rozakahve.com\/wp-content\/uploads\/2020\/05\/coffee-bag-dark-grey-800x1119.jpg 800w, https:\/\/rozakahve.com\/wp-content\/uploads\/2020\/05\/coffee-bag-dark-grey-560x783.jpg 560w, https:\/\/rozakahve.com\/wp-content\/uploads\/2020\/05\/coffee-bag-dark-grey-600x839.jpg 600w, https:\/\/rozakahve.com\/wp-content\/uploads\/2020\/05\/coffee-bag-dark-grey.jpg 870w\" sizes=\"(max-width: 780px) 100vw, 780px\" \/><\/div>\n\t\t\t\t\t<div class=\"wc-block-grid__product-title\">Breakfast Blend<\/div>\n\t\t\t\t<\/a>\n\t\t\t\t<div class=\"wc-block-grid__product-price price\"><span class=\"woocommerce-Price-amount amount\" aria-hidden=\"true\"><span class=\"woocommerce-Price-currencySymbol\">&#036;<\/span>19.00<\/span> <span aria-hidden=\"true\"> \u2013 <\/span> <span class=\"woocommerce-Price-amount amount\" aria-hidden=\"true\"><span class=\"woocommerce-Price-currencySymbol\">&#036;<\/span>27.00<\/span><span class=\"screen-reader-text\">Fiyat aral\u0131\u011f\u0131: &#036;19.00 &#8211; &#036;27.00<\/span><\/div>\n\t\t\t\t\n\t\t\t\t<div class=\"wp-block-button wc-block-grid__product-add-to-cart\"><a href=\"https:\/\/rozakahve.com\/?product=breakfast-blend\" aria-label=\"&ldquo;Breakfast Blend&rdquo; i\u00e7in se\u00e7enekleri se\u00e7in\" data-quantity=\"1\" data-product_id=\"417\" data-product_sku=\"\" data-price=\"19\" rel=\"nofollow\" class=\"wp-block-button__link  add_to_cart_button\">Se\u00e7enekler<\/a><\/div>\n\t\t\t<\/li><li class=\"wc-block-grid__product\">\n\t\t\t\t<a href=\"https:\/\/rozakahve.com\/?product=cold-brew\" class=\"wc-block-grid__product-link\">\n\t\t\t\t\t\n\t\t\t\t\t<div class=\"wc-block-grid__product-image\"><img loading=\"lazy\" decoding=\"async\" width=\"780\" height=\"1091\" src=\"https:\/\/rozakahve.com\/wp-content\/uploads\/2020\/05\/Cold-Brew-dark-780x1091.png\" class=\"attachment-woocommerce_thumbnail size-woocommerce_thumbnail\" alt=\"Cold Brew\" srcset=\"https:\/\/rozakahve.com\/wp-content\/uploads\/2020\/05\/Cold-Brew-dark-780x1091.png 780w, https:\/\/rozakahve.com\/wp-content\/uploads\/2020\/05\/Cold-Brew-dark-214x300.png 214w, https:\/\/rozakahve.com\/wp-content\/uploads\/2020\/05\/Cold-Brew-dark-732x1024.png 732w, https:\/\/rozakahve.com\/wp-content\/uploads\/2020\/05\/Cold-Brew-dark-768x1074.png 768w, https:\/\/rozakahve.com\/wp-content\/uploads\/2020\/05\/Cold-Brew-dark-800x1119.png 800w, https:\/\/rozakahve.com\/wp-content\/uploads\/2020\/05\/Cold-Brew-dark-560x783.png 560w, https:\/\/rozakahve.com\/wp-content\/uploads\/2020\/05\/Cold-Brew-dark-600x839.png 600w, https:\/\/rozakahve.com\/wp-content\/uploads\/2020\/05\/Cold-Brew-dark.png 870w\" sizes=\"(max-width: 780px) 100vw, 780px\" \/><\/div>\n\t\t\t\t\t<div class=\"wc-block-grid__product-title\">Cold Brew<\/div>\n\t\t\t\t<\/a>\n\t\t\t\t<div class=\"wc-block-grid__product-price price\"><span class=\"woocommerce-Price-amount amount\"><span class=\"woocommerce-Price-currencySymbol\">&#036;<\/span>3.50<\/span><\/div>\n\t\t\t\t\n\t\t\t\t<div class=\"wp-block-button wc-block-grid__product-add-to-cart\"><a href=\"\/index.php?rest_route=%2Fwp%2Fv2%2Fpages%2F1940&#038;add-to-cart=3233\" aria-label=\"Sepete ekle: \u201cCold Brew\u201d\" data-quantity=\"1\" data-product_id=\"3233\" data-product_sku=\"\" data-price=\"3.5\" rel=\"nofollow\" class=\"wp-block-button__link  add_to_cart_button ajax_add_to_cart\">Sepete Ekle<\/a><\/div>\n\t\t\t<\/li><\/ul><\/div>\n\n\n<div style=\"height:96px\" aria-hidden=\"true\" class=\"wp-block-spacer\"><\/div>\n\n\n\n<p class=\"has-text-align-center\"><strong>CONTACT FORM<\/strong><br><a rel=\"noreferrer noopener\" href=\"https:\/\/de.wordpress.org\/plugins\/instagram-feed\/\" target=\"_blank\">Contact Form 7<\/a><\/p>\n\n\n\n<div class=\"wp-block-group narrow\"><div class=\"wp-block-group__inner-container is-layout-flow wp-block-group-is-layout-flow\">\n<div class=\"wpcf7 no-js\" id=\"wpcf7-f1425-o1\" lang=\"en-US\" dir=\"ltr\" data-wpcf7-id=\"1425\">\n<div class=\"screen-reader-response\"><p role=\"status\" aria-live=\"polite\" aria-atomic=\"true\"><\/p> <ul><\/ul><\/div>\n<form action=\"\/index.php?rest_route=%2Fwp%2Fv2%2Fpages%2F1940#wpcf7-f1425-o1\" method=\"post\" class=\"wpcf7-form init\" aria-label=\"Contact form\" novalidate=\"novalidate\" data-status=\"init\">\n<fieldset class=\"hidden-fields-container\"><input type=\"hidden\" name=\"_wpcf7\" value=\"1425\" \/><input type=\"hidden\" name=\"_wpcf7_version\" value=\"6.1.5\" \/><input type=\"hidden\" name=\"_wpcf7_locale\" value=\"en_US\" \/><input type=\"hidden\" name=\"_wpcf7_unit_tag\" value=\"wpcf7-f1425-o1\" \/><input type=\"hidden\" name=\"_wpcf7_container_post\" value=\"0\" \/><input type=\"hidden\" name=\"_wpcf7_posted_data_hash\" value=\"\" \/>\n<\/fieldset>\n<p><label> Company*<br \/>\n<span class=\"wpcf7-form-control-wrap\" data-name=\"your-company\"><input size=\"40\" maxlength=\"400\" class=\"wpcf7-form-control wpcf7-text wpcf7-validates-as-required\" aria-required=\"true\" aria-invalid=\"false\" value=\"\" type=\"text\" name=\"your-company\" \/><\/span> <\/label>\n<\/p>\n<p><label> Your Name*<br \/>\n<span class=\"wpcf7-form-control-wrap\" data-name=\"your-name\"><input size=\"40\" maxlength=\"400\" class=\"wpcf7-form-control wpcf7-text wpcf7-validates-as-required\" aria-required=\"true\" aria-invalid=\"false\" value=\"\" type=\"text\" name=\"your-name\" \/><\/span> <\/label>\n<\/p>\n<p><label> Your Email*<br \/>\n<span class=\"wpcf7-form-control-wrap\" data-name=\"your-email\"><input size=\"40\" maxlength=\"400\" class=\"wpcf7-form-control wpcf7-email wpcf7-validates-as-required wpcf7-text wpcf7-validates-as-email\" aria-required=\"true\" aria-invalid=\"false\" value=\"\" type=\"email\" name=\"your-email\" \/><\/span> <\/label>\n<\/p>\n<p><label> Date*<br \/>\n<span class=\"wpcf7-form-control-wrap\" data-name=\"the-date\"><input class=\"wpcf7-form-control wpcf7-date wpcf7-validates-as-required wpcf7-validates-as-date\" aria-required=\"true\" aria-invalid=\"false\" value=\"\" type=\"date\" name=\"the-date\" \/><\/span> <\/label>\n<\/p>\n<p><label for=\"thetime\"> Time* <\/label><br \/>\n<span class=\"wpcf7-form-control-wrap\" data-name=\"the-time\"><span class=\"wpcf7-form-control wpcf7-radio\" id=\"thetime\"><span class=\"wpcf7-list-item first\"><label><input type=\"radio\" name=\"the-time\" value=\"9:00\" \/><span class=\"wpcf7-list-item-label\">9:00<\/span><\/label><\/span><span class=\"wpcf7-list-item\"><label><input type=\"radio\" name=\"the-time\" value=\"9:30\" \/><span class=\"wpcf7-list-item-label\">9:30<\/span><\/label><\/span><span class=\"wpcf7-list-item\"><label><input type=\"radio\" name=\"the-time\" value=\"10:00\" \/><span class=\"wpcf7-list-item-label\">10:00<\/span><\/label><\/span><span class=\"wpcf7-list-item\"><label><input type=\"radio\" name=\"the-time\" value=\"10:30\" \/><span class=\"wpcf7-list-item-label\">10:30<\/span><\/label><\/span><span class=\"wpcf7-list-item last\"><label><input type=\"radio\" name=\"the-time\" value=\"11:00\" \/><span class=\"wpcf7-list-item-label\">11:00<\/span><\/label><\/span><\/span><\/span>\n<\/p>\n<p><label> Number of People*<br \/>\n<span class=\"wpcf7-form-control-wrap\" data-name=\"number-people\"><input class=\"wpcf7-form-control wpcf7-number wpcf7-validates-as-number\" min=\"1\" max=\"10\" aria-invalid=\"false\" value=\"\" type=\"number\" name=\"number-people\" \/><\/span><\/label>\n<\/p>\n<p><label> Your Message*<br \/>\n<span class=\"wpcf7-form-control-wrap\" data-name=\"your-message\"><textarea cols=\"40\" rows=\"10\" maxlength=\"2000\" class=\"wpcf7-form-control wpcf7-textarea wpcf7-validates-as-required\" aria-required=\"true\" aria-invalid=\"false\" name=\"your-message\"><\/textarea><\/span> <\/label>\n<\/p>\n<p><input class=\"wpcf7-form-control wpcf7-submit has-spinner\" type=\"submit\" value=\"Send\" \/>\n<\/p><div class=\"wpcf7-response-output\" aria-hidden=\"true\"><\/div>\n<\/form>\n<\/div>\n\n<\/div><\/div>\n\n\n\n<div style=\"height:100px\" aria-hidden=\"true\" class=\"wp-block-spacer\"><\/div>\n\n\n\n<p class=\"has-text-align-center\"><strong>INSTAGRAM FEED<\/strong><br><a href=\"https:\/\/de.wordpress.org\/plugins\/instagram-feed\/\" target=\"_blank\" rel=\"noreferrer noopener\">Smash Balloon Social Photo Feed <\/a><\/p>\n\n\n\n<div class=\"wp-block-group alignfull\"><div class=\"wp-block-group__inner-container is-layout-flow wp-block-group-is-layout-flow\">\t\t<div id=\"sbi_mod_error\" >\n\t\t\t<span>Bu hata mesaj\u0131n\u0131 yaln\u0131zca WordPress y\u00f6neticileri g\u00f6rebilir<\/span><br\/>\n\t\t\t<p><strong>Hata: Hi\u00e7bir ak\u0131\u015f bulunamad\u0131.<\/strong>\n\t\t\t<p>Bir ak\u0131\u015f olu\u015fturmak i\u00e7in l\u00fctfen Instagram Ak\u0131\u015f\u0131 ayarlar sayfas\u0131na gidin.<\/p>\n\t\t<\/div>\n\t\t\n<\/div><\/div>\n\n\n\n<div style=\"height:168px\" aria-hidden=\"true\" class=\"wp-block-spacer\"><\/div>\n\n\n\n<p class=\"has-text-align-center\"><strong>NEWSLETTER SIGN UP FORM<\/strong><br><a rel=\"noreferrer noopener\" href=\"https:\/\/de.wordpress.org\/plugins\/instagram-feed\/\" target=\"_blank\">MailChimp<\/a><\/p>\n\n\n\n","protected":false},"excerpt":{"rendered":"Find below a demonstration of the plugins recommended and supported bythe theme. E-COMMERCE SHOPWooCommerce CONTACT FORMContact Form 7 \n\n \n\n\n\n Company*\n \n\n Your Name*\n \n\n Your Email*\n \n\n Date*\n \n\n Time* \n9:009:3010:0010:3011:00\n\n Number of People*\n\n\n Your Message*\n \n\n\n\n\n\n INSTAGRAM FEEDSmash ...","protected":false},"author":1,"featured_media":0,"parent":0,"menu_order":9,"comment_status":"closed","ping_status":"closed","template":"","meta":{"_uag_custom_page_level_css":"","footnotes":""},"class_list":["post-1940","page","type-page","status-publish","hentry"],"uagb_featured_image_src":{"full":false,"thumbnail":false,"medium":false,"medium_large":false,"large":false,"1536x1536":false,"2048x2048":false,"amaya-uncropped":false,"amaya-uncropped-largex2":false,"amaya-uncropped-full":false,"amaya-uncropped-large":false,"amaya-uncropped-medium":false,"amaya-suare":false,"amaya-square-largex2":false,"amaya-square-full":false,"amaya-square-large":false,"amaya-square-medium":false,"amaya-square-small":false,"amaya-square-mini":false,"amaya-landscape":false,"amaya-landscape-largex2":false,"amaya-landscape-full":false,"amaya-landscape-large":false,"amaya-landscape-medium":false,"amaya-landscape-mini":false,"amaya-landscapenarrow":false,"amaya-landscapenarrow-largex2":false,"amaya-landscapenarrow-large":false,"woocommerce_thumbnail":false,"woocommerce_single":false,"woocommerce_gallery_thumbnail":false},"uagb_author_info":{"display_name":"66ad79","author_link":"https:\/\/rozakahve.com\/?author=1"},"uagb_comment_info":0,"uagb_excerpt":"Find below a demonstration of the plugins recommended and supported bythe theme. E-COMMERCE SHOPWooCommerce CONTACT FORMContact Form 7 INSTAGRAM FEEDSmash Balloon Social Photo Feed NEWSLETTER SIGN UP FORMMailChimp","_links":{"self":[{"href":"https:\/\/rozakahve.com\/index.php?rest_route=\/wp\/v2\/pages\/1940","targetHints":{"allow":["GET"]}}],"collection":[{"href":"https:\/\/rozakahve.com\/index.php?rest_route=\/wp\/v2\/pages"}],"about":[{"href":"https:\/\/rozakahve.com\/index.php?rest_route=\/wp\/v2\/types\/page"}],"author":[{"embeddable":true,"href":"https:\/\/rozakahve.com\/index.php?rest_route=\/wp\/v2\/users\/1"}],"replies":[{"embeddable":true,"href":"https:\/\/rozakahve.com\/index.php?rest_route=%2Fwp%2Fv2%2Fcomments&post=1940"}],"version-history":[{"count":0,"href":"https:\/\/rozakahve.com\/index.php?rest_route=\/wp\/v2\/pages\/1940\/revisions"}],"wp:attachment":[{"href":"https:\/\/rozakahve.com\/index.php?rest_route=%2Fwp%2Fv2%2Fmedia&parent=1940"}],"curies":[{"name":"wp","href":"https:\/\/api.w.org\/{rel}","templated":true}]}}