{"id":562,"date":"2026-04-15T10:54:47","date_gmt":"2026-04-15T07:54:47","guid":{"rendered":"https:\/\/rozakahve.com\/?page_id=562"},"modified":"2026-04-15T11:27:23","modified_gmt":"2026-04-15T08:27:23","slug":"makinelerimiz","status":"publish","type":"page","link":"https:\/\/rozakahve.com\/index.php\/makinelerimiz\/","title":{"rendered":"Makinelerimiz"},"content":{"rendered":"\t\t<div data-elementor-type=\"wp-page\" data-elementor-id=\"562\" class=\"elementor elementor-562\" data-elementor-post-type=\"page\">\n\t\t\t\t<div class=\"aux-parallax-section elementor-element elementor-element-d375267 e-flex e-con-boxed e-con e-parent\" data-id=\"d375267\" data-element_type=\"container\" data-e-type=\"container\" data-settings=\"{&quot;background_background&quot;:&quot;classic&quot;}\">\n\t\t\t\t\t<div class=\"e-con-inner\">\n\t\t<div class=\"elementor-element elementor-element-6cc5b2d e-con-full e-flex e-con e-child\" data-id=\"6cc5b2d\" data-element_type=\"container\" data-e-type=\"container\">\n\t\t\t\t<div class=\"elementor-element elementor-element-389f8f0 aux-appear-watch-animation aux-fade-in-right elementor-widget elementor-widget-aux_modern_heading\" data-id=\"389f8f0\" data-element_type=\"widget\" data-e-type=\"widget\" data-widget_type=\"aux_modern_heading.default\">\n\t\t\t\t<div class=\"elementor-widget-container\">\n\t\t\t\t\t<section class=\"aux-widget-modern-heading\">\n            <div class=\"aux-widget-inner\"><h3 class=\"aux-modern-heading-primary\">MAK\u0130NELER\u0130M\u0130Z<\/h3><\/div>\n        <\/section>\t\t\t\t<\/div>\n\t\t\t\t<\/div>\n\t\t\t\t<\/div>\n\t\t<div class=\"elementor-element elementor-element-eccc917 e-con-full e-flex e-con e-child\" data-id=\"eccc917\" data-element_type=\"container\" data-e-type=\"container\">\n\t\t\t\t<\/div>\n\t\t\t\t\t<\/div>\n\t\t\t\t<\/div>\n\t\t<div class=\"aux-parallax-section elementor-element elementor-element-f07c4b6 e-flex e-con-boxed e-con e-parent\" data-id=\"f07c4b6\" data-element_type=\"container\" data-e-type=\"container\" data-settings=\"{&quot;background_background&quot;:&quot;classic&quot;}\">\n\t\t\t\t\t<div class=\"e-con-inner\">\n\t\t<div class=\"elementor-element elementor-element-c0e853e e-con-full e-flex e-con e-child\" data-id=\"c0e853e\" data-element_type=\"container\" data-e-type=\"container\" data-settings=\"{&quot;background_background&quot;:&quot;classic&quot;}\">\n\t\t\t\t<div class=\"aux-scroll-anim elementor-element elementor-element-e357efa elementor-widget__width-auto aux-appear-watch-animation aux-fade-in-custom elementor-widget elementor-widget-aux_image\" data-move-in=\"\" data-move-out=\"moveHorizontal\" data-axis-x=\"10\" data-axis-y=\"200\" data-rotate=\"90\" data-scale=\"1\" data-vp-top=\"0.5\" data-vp-bot=\"0.5\" data-el-top=\"0.2\" data-scroll-animation-off=\"1024\" data-id=\"e357efa\" data-element_type=\"widget\" data-e-type=\"widget\" data-widget_type=\"aux_image.default\">\n\t\t\t\t<div class=\"elementor-widget-container\">\n\t\t\t\t\t<section class=\"widget-container aux-widget-image aux-alignnone aux-parent-au8da67199\">\n    <div class=\"aux-media-hint-frame \">\n        <div class=\"aux-media-image \" >\n        \n            \n\n            \n            <img decoding=\"async\" width=\"66\" height=\"63\" src=\"https:\/\/rozakahve.com\/wp-content\/uploads\/Coffee-Bean-Sketch.svg\" class=\"attachment-full size-full\" alt=\"\" \/>            \n                <\/div>\n    <\/div>\n\n<\/section><!-- widget-container -->\t\t\t\t<\/div>\n\t\t\t\t<\/div>\n\t\t\t\t<div class=\"elementor-element elementor-element-1992f67 aux-appear-watch-animation aux-fade-in-right elementor-widget elementor-widget-aux_modern_heading\" data-id=\"1992f67\" data-element_type=\"widget\" data-e-type=\"widget\" data-widget_type=\"aux_modern_heading.default\">\n\t\t\t\t<div class=\"elementor-widget-container\">\n\t\t\t\t\t<section class=\"aux-widget-modern-heading\">\n            <div class=\"aux-widget-inner\"><h2 class=\"aux-modern-heading-primary\">PROFESYONEL MAK\u0130NE \u00c7\u00d6Z\u00dcMLER\u0130<\/h2><h3 class=\"aux-modern-heading-secondary\"><span class=\"aux-head-before\">\u0130\u015fletmenizin Kapasitesine Uygun \u0130leri Teknoloji Kahve Makineleri<\/span><\/h3><div class=\"aux-modern-heading-description\"><p>K\u00fc\u00e7\u00fck bir ofisten, yo\u011fun sirk\u00fclasyona sahip otel ve restoran zincirlerine kadar her i\u015fletmenin operasyonel dinami\u011fine \u00f6zel profesyonel makine \u00e7\u00f6z\u00fcmleri \u00fcretiyoruz. Geleneksel espresso, tam otomatik ve y\u00fcksek hacimli likit sistemlerimizle; i\u015f ak\u0131\u015f\u0131n\u0131za h\u0131z katarken ilk fincandan son fincana ayn\u0131 \u00fcst\u00fcn lezzet standard\u0131n\u0131 garanti ediyoruz.<\/p><\/div><\/div>\n        <\/section>\t\t\t\t<\/div>\n\t\t\t\t<\/div>\n\t\t\t\t<\/div>\n\t\t<div class=\"elementor-element elementor-element-f3e87ab e-con-full e-flex e-con e-child\" data-id=\"f3e87ab\" data-element_type=\"container\" data-e-type=\"container\">\n\t\t\t\t<div class=\"aux-scroll-anim elementor-element elementor-element-84e4e33 elementor-widget__width-auto aux-appear-watch-animation aux-fade-in-custom elementor-widget elementor-widget-aux_image\" data-move-in=\"\" data-move-out=\"moveHorizontal\" data-axis-x=\"10\" data-axis-y=\"200\" data-rotate=\"90\" data-scale=\"1\" data-vp-top=\"0.5\" data-vp-bot=\"0.5\" data-el-top=\"0.2\" data-scroll-animation-off=\"1024\" data-id=\"84e4e33\" data-element_type=\"widget\" data-e-type=\"widget\" data-widget_type=\"aux_image.default\">\n\t\t\t\t<div class=\"elementor-widget-container\">\n\t\t\t\t\t<section class=\"widget-container aux-widget-image aux-alignnone aux-parent-au92c3076e\">\n    <div class=\"aux-media-hint-frame \">\n        <div class=\"aux-media-image \" >\n        \n            \n\n            \n            <img decoding=\"async\" width=\"93\" height=\"73\" src=\"https:\/\/rozakahve.com\/wp-content\/uploads\/Coffee-Bean-Sketch-3.svg\" class=\"attachment-full size-full\" alt=\"\" \/>            \n                <\/div>\n    <\/div>\n\n<\/section><!-- widget-container -->\t\t\t\t<\/div>\n\t\t\t\t<\/div>\n\t\t\t\t<div class=\"aux-scroll-anim elementor-element elementor-element-1077a8c elementor-widget__width-auto aux-appear-watch-animation aux-fade-in-custom elementor-widget elementor-widget-aux_image\" data-move-in=\"\" data-move-out=\"moveHorizontal\" data-axis-x=\"-15\" data-axis-y=\"50\" data-rotate=\"90\" data-scale=\"1\" data-vp-top=\"0.5\" data-vp-bot=\"0.5\" data-el-top=\"0.2\" data-scroll-animation-off=\"1024\" data-id=\"1077a8c\" data-element_type=\"widget\" data-e-type=\"widget\" data-widget_type=\"aux_image.default\">\n\t\t\t\t<div class=\"elementor-widget-container\">\n\t\t\t\t\t<section class=\"widget-container aux-widget-image aux-alignnone aux-parent-auc78b0378\">\n    <div class=\"aux-media-hint-frame \">\n        <div class=\"aux-media-image \" >\n        \n            \n\n            \n            <img decoding=\"async\" width=\"65\" height=\"79\" src=\"https:\/\/rozakahve.com\/wp-content\/uploads\/Coffee-Bean-Sketch-2-1.svg\" class=\"attachment-full size-full\" alt=\"\" \/>            \n                <\/div>\n    <\/div>\n\n<\/section><!-- widget-container -->\t\t\t\t<\/div>\n\t\t\t\t<\/div>\n\t\t\t\t<div class=\"aux-scroll-anim elementor-element elementor-element-fad06ad elementor-widget__width-auto aux-appear-watch-animation aux-fade-in-down elementor-widget elementor-widget-aux_image\" data-move-in=\"\" data-move-out=\"moveVertical\" data-axis-x=\"200\" data-axis-y=\"-20\" data-rotate=\"90\" data-scale=\"1\" data-vp-top=\"0.5\" data-vp-bot=\"0.5\" data-el-top=\"0.2\" data-scroll-animation-off=\"1024\" data-id=\"fad06ad\" data-element_type=\"widget\" data-e-type=\"widget\" data-widget_type=\"aux_image.default\">\n\t\t\t\t<div class=\"elementor-widget-container\">\n\t\t\t\t\t<section class=\"widget-container aux-widget-image aux-alignnone aux-parent-au24e67e58\">\n    <div class=\"aux-media-hint-frame \">\n        <div class=\"aux-media-image \" >\n        \n            \n\n            \n            <img loading=\"lazy\" decoding=\"async\" width=\"364\" height=\"441\" src=\"data:image\/gif;base64,R0lGODlhAQABAIAAAAAAAP\/\/\/yH5BAEAAAAALAAAAAABAAEAAAIBRAA7\" class=\"aux-attachment aux-featured-image aux-attachment-id-403 aux-preload aux-blank\" alt=\"demo-attachment-338-Image-3\" data-ratio=\"0.83\" data-original-w=\"364\" data-src=\"https:\/\/rozakahve.com\/wp-content\/uploads\/Image-3.jpg\" \/>            \n                <\/div>\n    <\/div>\n\n<\/section><!-- widget-container -->\t\t\t\t<\/div>\n\t\t\t\t<\/div>\n\t\t\t\t<div class=\"aux-scroll-anim elementor-element elementor-element-d984446 elementor-widget__width-auto aux-appear-watch-animation aux-fade-in-up elementor-widget elementor-widget-aux_image\" data-move-in=\"\" data-move-out=\"moveVertical\" data-axis-x=\"200\" data-axis-y=\"20\" data-rotate=\"90\" data-scale=\"1\" data-vp-top=\"0.5\" data-vp-bot=\"0.5\" data-el-top=\"0.2\" data-scroll-animation-off=\"1024\" data-id=\"d984446\" data-element_type=\"widget\" data-e-type=\"widget\" data-widget_type=\"aux_image.default\">\n\t\t\t\t<div class=\"elementor-widget-container\">\n\t\t\t\t\t<section class=\"widget-container aux-widget-image aux-alignnone aux-parent-au0a7ec956\">\n    <div class=\"aux-media-hint-frame \">\n        <div class=\"aux-media-image \" >\n        \n            \n\n            \n            <img loading=\"lazy\" decoding=\"async\" width=\"224\" height=\"273\" src=\"data:image\/gif;base64,R0lGODlhAQABAIAAAAAAAP\/\/\/yH5BAEAAAAALAAAAAABAAEAAAIBRAA7\" class=\"aux-attachment aux-featured-image aux-attachment-id-404 aux-preload aux-blank\" alt=\"demo-attachment-337-Image-2\" data-ratio=\"0.82\" data-original-w=\"224\" data-src=\"https:\/\/rozakahve.com\/wp-content\/uploads\/Image-2.jpg\" \/>            \n                <\/div>\n    <\/div>\n\n<\/section><!-- widget-container -->\t\t\t\t<\/div>\n\t\t\t\t<\/div>\n\t\t\t\t<\/div>\n\t\t\t\t\t<\/div>\n\t\t\t\t<\/div>\n\t\t<div class=\"aux-parallax-section elementor-element elementor-element-71bfff1 e-flex e-con-boxed e-con e-parent\" data-id=\"71bfff1\" data-element_type=\"container\" data-e-type=\"container\" data-settings=\"{&quot;background_background&quot;:&quot;classic&quot;}\">\n\t\t\t\t\t<div class=\"e-con-inner\">\n\t\t<div class=\"elementor-element elementor-element-bf4bcec e-con-full e-flex e-con e-child\" data-id=\"bf4bcec\" data-element_type=\"container\" data-e-type=\"container\">\n\t\t\t\t<div class=\"aux-scroll-anim elementor-element elementor-element-e758ec5 elementor-widget__width-auto aux-appear-watch-animation aux-fade-in-custom elementor-widget elementor-widget-aux_image\" data-move-in=\"\" data-move-out=\"moveHorizontal\" data-axis-x=\"10\" data-axis-y=\"200\" data-rotate=\"90\" data-scale=\"1\" data-vp-top=\"0.5\" data-vp-bot=\"0.5\" data-el-top=\"0.2\" data-scroll-animation-off=\"1024\" data-id=\"e758ec5\" data-element_type=\"widget\" data-e-type=\"widget\" data-widget_type=\"aux_image.default\">\n\t\t\t\t<div class=\"elementor-widget-container\">\n\t\t\t\t\t<section class=\"widget-container aux-widget-image aux-alignnone aux-parent-au7d956ea9\">\n    <div class=\"aux-media-hint-frame \">\n        <div class=\"aux-media-image \" >\n        \n            \n\n            \n            <img loading=\"lazy\" decoding=\"async\" width=\"55\" height=\"54\" src=\"https:\/\/rozakahve.com\/wp-content\/uploads\/Coffee-Bean-Sketch-golden-2.svg\" class=\"attachment-full size-full\" alt=\"\" \/>            \n                <\/div>\n    <\/div>\n\n<\/section><!-- widget-container -->\t\t\t\t<\/div>\n\t\t\t\t<\/div>\n\t\t\t\t<div class=\"aux-scroll-anim elementor-element elementor-element-4462f23 elementor-widget__width-auto aux-appear-watch-animation aux-fade-in-custom elementor-widget elementor-widget-aux_image\" data-move-in=\"\" data-move-out=\"moveVertical\" data-axis-x=\"-10\" data-axis-y=\"20\" data-rotate=\"90\" data-scale=\"1\" data-vp-top=\"0.5\" data-vp-bot=\"0.5\" data-el-top=\"0.2\" data-scroll-animation-off=\"1024\" data-id=\"4462f23\" data-element_type=\"widget\" data-e-type=\"widget\" data-widget_type=\"aux_image.default\">\n\t\t\t\t<div class=\"elementor-widget-container\">\n\t\t\t\t\t<section class=\"widget-container aux-widget-image aux-alignnone aux-parent-au52d7a31d\">\n    <div class=\"aux-media-hint-frame \">\n        <div class=\"aux-media-image \" >\n        \n            \n\n            \n            <img loading=\"lazy\" decoding=\"async\" width=\"84\" height=\"103\" src=\"https:\/\/rozakahve.com\/wp-content\/uploads\/Coffee-Bean-Sketch-golden1.svg\" class=\"attachment-full size-full\" alt=\"\" \/>            \n                <\/div>\n    <\/div>\n\n<\/section><!-- widget-container -->\t\t\t\t<\/div>\n\t\t\t\t<\/div>\n\t\t\t\t<div class=\"elementor-element elementor-element-9a215a7 aux-appear-watch-animation aux-fade-in-right elementor-widget elementor-widget-aux_modern_heading\" data-id=\"9a215a7\" data-element_type=\"widget\" data-e-type=\"widget\" data-widget_type=\"aux_modern_heading.default\">\n\t\t\t\t<div class=\"elementor-widget-container\">\n\t\t\t\t\t<section class=\"aux-widget-modern-heading\">\n            <div class=\"aux-widget-inner\"><h3 class=\"aux-modern-heading-primary\">Kahvenin Her T\u00fcr\u00fc \u0130\u00e7in Profesyonel Bir Makine<\/h3><h4 class=\"aux-modern-heading-secondary\"><span class=\"aux-head-before\">Kapasitenize ve operasyonunuza en uygun makine teknolojisini ke\u015ffedin <br><\/span><span class=\"aux-head-highlight\">M\u00fckemmel uyumunuzu bulun<\/span><\/h4><\/div>\n        <\/section>\t\t\t\t<\/div>\n\t\t\t\t<\/div>\n\t\t\t\t<\/div>\n\t\t\t\t\t<\/div>\n\t\t\t\t<\/div>\n\t\t<div class=\"aux-parallax-section elementor-element elementor-element-cba688e e-flex e-con-boxed e-con e-parent\" data-id=\"cba688e\" data-element_type=\"container\" data-e-type=\"container\" data-settings=\"{&quot;background_background&quot;:&quot;classic&quot;}\">\n\t\t\t\t\t<div class=\"e-con-inner\">\n\t\t<div class=\"elementor-element elementor-element-60a0c6c e-con-full e-flex e-con e-child\" data-id=\"60a0c6c\" data-element_type=\"container\" data-e-type=\"container\">\n\t\t<div class=\"elementor-element elementor-element-8091b05 e-con-full e-flex e-con e-child\" data-id=\"8091b05\" data-element_type=\"container\" data-e-type=\"container\">\n\t\t<div class=\"elementor-element elementor-element-4187814 e-con-full e-flex e-con e-child\" data-id=\"4187814\" data-element_type=\"container\" data-e-type=\"container\">\n\t\t\t\t<div class=\"elementor-element elementor-element-f1846e6 aux-appear-watch-animation aux-fade-in-up elementor-widget elementor-widget-aux_staff\" data-id=\"f1846e6\" data-element_type=\"widget\" data-e-type=\"widget\" data-widget_type=\"aux_staff.default\">\n\t\t\t\t<div class=\"elementor-widget-container\">\n\t\t\t\t\t<section class=\"aux-wrap-style-simple widget-container aux-widget-staff aux-parent-au4ef476d6\">    <div class=\"aux-staff-container aux-staff-pos-top aux-staff-text-center aux-staff-text-dark \" >\n            <div class=\"aux-staff-header aux-staff-img-round-rect\">\n            <div class=\"aux-media-image\"><img loading=\"lazy\" decoding=\"async\" width=\"366\" height=\"195\" src=\"https:\/\/rozakahve.com\/wp-content\/uploads\/jde-espresso-coffee-machinesb125-1.png\" alt=\"jde-espresso-coffee-machinesb125\" data-ratio=\"1.88\" data-original-w=\"366\" \/><\/div>        <\/div>\n            <div class=\"aux-staff-content\">\n                        <h4 class=\"col-title\">Espresso Makineleri<\/h4>\n                        <h5 class=\"col-subtitle\"><br><\/h5>\n                        <div class=\"entry-content\">\n                                Espresso makinelerimiz, s\u00fcrekli kaliteli ve benzersiz lezzeti garanti eder. Demleme i\u015fleminde s\u0131cak su bas\u0131nc\u0131yla belirgin bir krema tabakas\u0131 olu\u015fturarak leziz aromal\u0131 bir fincan Espresso elde eder.            <\/div>\n                    <\/div>\n\n    <\/div>\n\n\n<\/section><!-- widget-container -->\t\t\t\t<\/div>\n\t\t\t\t<\/div>\n\t\t\t\t<\/div>\n\t\t<div class=\"elementor-element elementor-element-2745052 e-con-full e-flex e-con e-child\" data-id=\"2745052\" data-element_type=\"container\" data-e-type=\"container\">\n\t\t\t\t<div class=\"elementor-element elementor-element-a7f424e aux-appear-watch-animation aux-fade-in-up elementor-widget elementor-widget-aux_staff\" data-id=\"a7f424e\" data-element_type=\"widget\" data-e-type=\"widget\" data-widget_type=\"aux_staff.default\">\n\t\t\t\t<div class=\"elementor-widget-container\">\n\t\t\t\t\t<section class=\"aux-wrap-style-simple widget-container aux-widget-staff aux-parent-aufbb30ed4\">    <div class=\"aux-staff-container aux-staff-pos-top aux-staff-text-center aux-staff-text-dark \" >\n            <div class=\"aux-staff-header aux-staff-img-round-rect\">\n            <div class=\"aux-media-image\"><img loading=\"lazy\" decoding=\"async\" width=\"366\" height=\"195\" src=\"https:\/\/rozakahve.com\/wp-content\/uploads\/jde-instant-coffee-machinesb125-1.png\" alt=\"jde-instant-coffee-machinesb125\" data-ratio=\"1.88\" data-original-w=\"366\" \/><\/div>        <\/div>\n            <div class=\"aux-staff-content\">\n                        <h4 class=\"col-title\">Haz\u0131r Kahve Makineleri<\/h4>\n                        <h5 class=\"col-subtitle\"><br><\/h5>\n                        <div class=\"entry-content\">\n                                Haz\u0131r kahve makinesi, bir d\u00fc\u011fmeye dokunarak t\u00fcm favori kahve d\u00fckkan\u0131 i\u00e7eceklerinizi haz\u0131rlar. Sadece s\u0131cak su kullanan makinemiz i\u015fletmeniz i\u00e7in h\u0131zl\u0131 ve etkili bir \u00e7\u00f6z\u00fcmd\u00fcr.            <\/div>\n                    <\/div>\n\n    <\/div>\n\n\n<\/section><!-- widget-container -->\t\t\t\t<\/div>\n\t\t\t\t<\/div>\n\t\t\t\t<\/div>\n\t\t\t\t<\/div>\n\t\t<div class=\"elementor-element elementor-element-dfeb9cb e-con-full e-flex e-con e-child\" data-id=\"dfeb9cb\" data-element_type=\"container\" data-e-type=\"container\">\n\t\t<div class=\"elementor-element elementor-element-fead370 e-con-full e-flex e-con e-child\" data-id=\"fead370\" data-element_type=\"container\" data-e-type=\"container\">\n\t\t\t\t<div class=\"elementor-element elementor-element-1785986 aux-appear-watch-animation aux-fade-in-up elementor-widget elementor-widget-aux_staff\" data-id=\"1785986\" data-element_type=\"widget\" data-e-type=\"widget\" data-widget_type=\"aux_staff.default\">\n\t\t\t\t<div class=\"elementor-widget-container\">\n\t\t\t\t\t<section class=\"aux-wrap-style-simple widget-container aux-widget-staff aux-parent-aucd8db1e6\">    <div class=\"aux-staff-container aux-staff-pos-top aux-staff-text-center aux-staff-text-dark \" >\n            <div class=\"aux-staff-header aux-staff-img-round-rect\">\n            <div class=\"aux-media-image\"><img loading=\"lazy\" decoding=\"async\" width=\"380\" height=\"202\" src=\"https:\/\/rozakahve.com\/wp-content\/uploads\/info-cafitessemachine-newb125-1.png\" alt=\"info-cafitessemachine-newb125\" data-ratio=\"1.88\" data-original-w=\"380\" \/><\/div>        <\/div>\n            <div class=\"aux-staff-content\">\n                        <h4 class=\"col-title\">Cafitesse Sistem Makineleri<\/h4>\n                        <h5 class=\"col-subtitle\"><br><\/h5>\n                        <div class=\"entry-content\">\n                                Likit Filtre Kahve ,optimum ko\u015fullar alt\u0131nda demlenen %100 filtre <br>kahvedir ve servis noktalar\u0131n\u0131n her seferinde tutarl\u0131 y\u00fcksek kaliteli kahve sunmas\u0131na <br> olanak tan\u0131r.            <\/div>\n                    <\/div>\n\n    <\/div>\n\n\n<\/section><!-- widget-container -->\t\t\t\t<\/div>\n\t\t\t\t<\/div>\n\t\t\t\t<\/div>\n\t\t\t\t<\/div>\n\t\t\t\t<\/div>\n\t\t\t\t\t<\/div>\n\t\t\t\t<\/div>\n\t\t<div class=\"aux-parallax-section elementor-element elementor-element-aa803bb e-flex e-con-boxed e-con e-parent\" data-id=\"aa803bb\" data-element_type=\"container\" data-e-type=\"container\" data-settings=\"{&quot;background_background&quot;:&quot;classic&quot;}\">\n\t\t\t\t\t<div class=\"e-con-inner\">\n\t\t<div class=\"elementor-element elementor-element-55156cc e-con-full e-flex e-con e-child\" data-id=\"55156cc\" data-element_type=\"container\" data-e-type=\"container\">\n\t\t\t\t<div class=\"elementor-element elementor-element-3a9d178 aux-appear-watch-animation aux-fade-in-right elementor-widget elementor-widget-aux_modern_heading\" data-id=\"3a9d178\" data-element_type=\"widget\" data-e-type=\"widget\" data-widget_type=\"aux_modern_heading.default\">\n\t\t\t\t<div class=\"elementor-widget-container\">\n\t\t\t\t\t<section class=\"aux-widget-modern-heading\">\n            <div class=\"aux-widget-inner\"><h3 class=\"aux-modern-heading-primary\">\u0130\u015fletmeniz \u0130\u00e7in \u00d6zel Kahve \u00c7\u00f6z\u00fcmleri <\/h3><div class=\"aux-modern-heading-description\"><p>Uzman ekibimizle i\u015fletmenize uygun kahve deneyimini birlikte kural\u0131m<\/p><\/div><\/div>\n        <\/section>\t\t\t\t<\/div>\n\t\t\t\t<\/div>\n\t\t\t\t<div class=\"elementor-element elementor-element-5d69906 aux-appear-watch-animation aux-fade-in-right elementor-widget elementor-widget-aux_modern_button\" data-id=\"5d69906\" data-element_type=\"widget\" data-e-type=\"widget\" data-widget_type=\"aux_modern_button.default\">\n\t\t\t\t<div class=\"elementor-widget-container\">\n\t\t\t\t\t    <div class=\"aux-modern-button-wrapper aux-modern-button-align-center\" >\n                    <a class=\"aux-modern-button aux-black aux-modern-button-md aux-modern-button-normal aux-modern-button-default aux-icon-\" href=\"https:\/\/rozakahve.com\/index.php\/blog\/\">\n                <div class=\"aux-overlay\"><\/div>\n                                <div class=\"aux-text\">\n<span class=\"aux-text-before\">\u0130LET\u0130\u015e\u0130M<\/span>                <\/div>\n            <\/a>\n            \n    <\/div>\n\n    \t\t\t\t<\/div>\n\t\t\t\t<\/div>\n\t\t\t\t<\/div>\n\t\t\t\t\t<\/div>\n\t\t\t\t<\/div>\n\t\t\t\t<\/div>\n\t\t","protected":false},"excerpt":{"rendered":"<p>MAK\u0130NELER\u0130M\u0130Z PROFESYONEL MAK\u0130NE \u00c7\u00d6Z\u00dcMLER\u0130 \u0130\u015fletmenizin Kapasitesine Uygun \u0130leri Teknoloji Kahve Makineleri K\u00fc\u00e7\u00fck bir ofisten, yo\u011fun sirk\u00fclasyona sahip otel ve restoran zincirlerine kadar her i\u015fletmenin operasyonel dinami\u011fine \u00f6zel profesyonel makine \u00e7\u00f6z\u00fcmleri \u00fcretiyoruz. Geleneksel espresso, tam otomatik ve y\u00fcksek hacimli likit sistemlerimizle; i\u015f ak\u0131\u015f\u0131n\u0131za h\u0131z katarken ilk fincandan son fincana ayn\u0131 \u00fcst\u00fcn lezzet standard\u0131n\u0131 garanti ediyoruz. Kahvenin [&hellip;]<\/p>\n","protected":false},"author":1,"featured_media":0,"parent":0,"menu_order":0,"comment_status":"closed","ping_status":"closed","template":"templates\/page-builder-content.php","meta":{"footnotes":""},"class_list":["post-562","page","type-page","status-publish","hentry"],"_links":{"self":[{"href":"https:\/\/rozakahve.com\/index.php\/wp-json\/wp\/v2\/pages\/562","targetHints":{"allow":["GET"]}}],"collection":[{"href":"https:\/\/rozakahve.com\/index.php\/wp-json\/wp\/v2\/pages"}],"about":[{"href":"https:\/\/rozakahve.com\/index.php\/wp-json\/wp\/v2\/types\/page"}],"author":[{"embeddable":true,"href":"https:\/\/rozakahve.com\/index.php\/wp-json\/wp\/v2\/users\/1"}],"replies":[{"embeddable":true,"href":"https:\/\/rozakahve.com\/index.php\/wp-json\/wp\/v2\/comments?post=562"}],"version-history":[{"count":30,"href":"https:\/\/rozakahve.com\/index.php\/wp-json\/wp\/v2\/pages\/562\/revisions"}],"predecessor-version":[{"id":629,"href":"https:\/\/rozakahve.com\/index.php\/wp-json\/wp\/v2\/pages\/562\/revisions\/629"}],"wp:attachment":[{"href":"https:\/\/rozakahve.com\/index.php\/wp-json\/wp\/v2\/media?parent=562"}],"curies":[{"name":"wp","href":"https:\/\/api.w.org\/{rel}","templated":true}]}}