{"id":542,"date":"2026-04-15T03:17:36","date_gmt":"2026-04-15T00:17:36","guid":{"rendered":"https:\/\/rozakahve.com\/?page_id=542"},"modified":"2026-04-15T11:07:44","modified_gmt":"2026-04-15T08:07:44","slug":"markalarimiz-2","status":"publish","type":"page","link":"https:\/\/rozakahve.com\/index.php\/markalarimiz-2\/","title":{"rendered":"Markalar\u0131m\u0131z"},"content":{"rendered":"\t\t<div data-elementor-type=\"wp-page\" data-elementor-id=\"542\" class=\"elementor elementor-542\" data-elementor-post-type=\"page\">\n\t\t\t\t<div class=\"aux-parallax-section elementor-element elementor-element-d375267 e-flex e-con-boxed e-con e-parent\" data-id=\"d375267\" data-element_type=\"container\" data-e-type=\"container\" data-settings=\"{&quot;background_background&quot;:&quot;classic&quot;}\">\n\t\t\t\t\t<div class=\"e-con-inner\">\n\t\t<div class=\"elementor-element elementor-element-6cc5b2d e-con-full e-flex e-con e-child\" data-id=\"6cc5b2d\" data-element_type=\"container\" data-e-type=\"container\">\n\t\t\t\t<div class=\"elementor-element elementor-element-389f8f0 aux-appear-watch-animation aux-fade-in-right elementor-widget elementor-widget-aux_modern_heading\" data-id=\"389f8f0\" data-element_type=\"widget\" data-e-type=\"widget\" data-widget_type=\"aux_modern_heading.default\">\n\t\t\t\t<div class=\"elementor-widget-container\">\n\t\t\t\t\t<section class=\"aux-widget-modern-heading\">\n            <div class=\"aux-widget-inner\"><h3 class=\"aux-modern-heading-primary\">MARKALARIMIZ<\/h3><\/div>\n        <\/section>\t\t\t\t<\/div>\n\t\t\t\t<\/div>\n\t\t\t\t<\/div>\n\t\t<div class=\"elementor-element elementor-element-eccc917 e-con-full e-flex e-con e-child\" data-id=\"eccc917\" data-element_type=\"container\" data-e-type=\"container\">\n\t\t\t\t<\/div>\n\t\t\t\t\t<\/div>\n\t\t\t\t<\/div>\n\t\t<div class=\"aux-parallax-section elementor-element elementor-element-f07c4b6 e-flex e-con-boxed e-con e-parent\" data-id=\"f07c4b6\" data-element_type=\"container\" data-e-type=\"container\" data-settings=\"{&quot;background_background&quot;:&quot;classic&quot;}\">\n\t\t\t\t\t<div class=\"e-con-inner\">\n\t\t<div class=\"elementor-element elementor-element-c0e853e e-con-full e-flex e-con e-child\" data-id=\"c0e853e\" data-element_type=\"container\" data-e-type=\"container\" data-settings=\"{&quot;background_background&quot;:&quot;classic&quot;}\">\n\t\t\t\t<div class=\"aux-scroll-anim elementor-element elementor-element-e357efa elementor-widget__width-auto aux-appear-watch-animation aux-fade-in-custom elementor-widget elementor-widget-aux_image\" data-move-in=\"\" data-move-out=\"moveHorizontal\" data-axis-x=\"10\" data-axis-y=\"200\" data-rotate=\"90\" data-scale=\"1\" data-vp-top=\"0.5\" data-vp-bot=\"0.5\" data-el-top=\"0.2\" data-scroll-animation-off=\"1024\" data-id=\"e357efa\" data-element_type=\"widget\" data-e-type=\"widget\" data-widget_type=\"aux_image.default\">\n\t\t\t\t<div class=\"elementor-widget-container\">\n\t\t\t\t\t<section class=\"widget-container aux-widget-image aux-alignnone aux-parent-audbd61e8a\">\n    <div class=\"aux-media-hint-frame \">\n        <div class=\"aux-media-image \" >\n        \n            \n\n            \n            <img decoding=\"async\" width=\"66\" height=\"63\" src=\"https:\/\/rozakahve.com\/wp-content\/uploads\/Coffee-Bean-Sketch.svg\" class=\"attachment-full size-full\" alt=\"\" \/>            \n                <\/div>\n    <\/div>\n\n<\/section><!-- widget-container -->\t\t\t\t<\/div>\n\t\t\t\t<\/div>\n\t\t\t\t<div class=\"elementor-element elementor-element-1992f67 aux-appear-watch-animation aux-fade-in-right elementor-widget elementor-widget-aux_modern_heading\" data-id=\"1992f67\" data-element_type=\"widget\" data-e-type=\"widget\" data-widget_type=\"aux_modern_heading.default\">\n\t\t\t\t<div class=\"elementor-widget-container\">\n\t\t\t\t\t<section class=\"aux-widget-modern-heading\">\n            <div class=\"aux-widget-inner\"><h2 class=\"aux-modern-heading-primary\">SE\u00c7K\u0130N KAHVE MARKALARI<\/h2><h3 class=\"aux-modern-heading-secondary\"><span class=\"aux-head-before\">\u0130\u015fletmenizin Kimli\u011fine De\u011fer Katan Global Lezzet Ortaklar\u0131<\/span><\/h3><div class=\"aux-modern-heading-description\"><p>K\u00fc\u00e7\u00fck bir butik kafeden, yo\u011fun sirk\u00fclasyona sahip otel ve restoran zincirlerine kadar her i\u015fletmenin ruhuna ve m\u00fc\u015fteri kitlesine hitap eden se\u00e7kin kahve markalar\u0131n\u0131 sizlerle bulu\u015fturuyoruz. Y\u00fczy\u0131llara dayanan kavurma ve harmanlama uzmanl\u0131\u011f\u0131yla \u00fcretilen bu global markalar sayesinde, misafirlerinize her yudumda de\u011fi\u015fmeyen, \u00fcst\u00fcn bir lezzet deneyimi sunman\u0131z\u0131 garanti ediyoruz.<\/p><\/div><\/div>\n        <\/section>\t\t\t\t<\/div>\n\t\t\t\t<\/div>\n\t\t\t\t<div class=\"elementor-element elementor-element-62dbe33 aux-appear-watch-animation aux-fade-in-right elementor-widget elementor-widget-text-editor\" data-id=\"62dbe33\" data-element_type=\"widget\" data-e-type=\"widget\" data-widget_type=\"text-editor.default\">\n\t\t\t\t<div class=\"elementor-widget-container\">\n\t\t\t\t\t\t\t\t\t<p data-path-to-node=\"8\">Sadece kahve tedariki sa\u011flam\u0131yor, ayn\u0131 zamanda i\u015fletmenizin vizyonuna en uygun markay\u0131 se\u00e7meniz i\u00e7in size \u00f6zel dan\u0131\u015fmanl\u0131k sunuyoruz. Uzman ekibimiz; men\u00fc yap\u0131n\u0131z\u0131, hedef kitlenizi ve lezzet beklentilerinizi titizlikle analiz ederek, m\u00fc\u015fteri memnuniyetini en \u00fcst seviyeye ta\u015f\u0131yacak ve marka de\u011ferinizi art\u0131racak en do\u011fru kahve partnerini bulman\u0131z\u0131 sa\u011flar.<\/p>\t\t\t\t\t\t\t\t<\/div>\n\t\t\t\t<\/div>\n\t\t\t\t<\/div>\n\t\t<div class=\"elementor-element elementor-element-f3e87ab e-con-full e-flex e-con e-child\" data-id=\"f3e87ab\" data-element_type=\"container\" data-e-type=\"container\">\n\t\t\t\t<div class=\"aux-scroll-anim elementor-element elementor-element-84e4e33 elementor-widget__width-auto aux-appear-watch-animation aux-fade-in-custom elementor-widget elementor-widget-aux_image\" data-move-in=\"\" data-move-out=\"moveHorizontal\" data-axis-x=\"10\" data-axis-y=\"200\" data-rotate=\"90\" data-scale=\"1\" data-vp-top=\"0.5\" data-vp-bot=\"0.5\" data-el-top=\"0.2\" data-scroll-animation-off=\"1024\" data-id=\"84e4e33\" data-element_type=\"widget\" data-e-type=\"widget\" data-widget_type=\"aux_image.default\">\n\t\t\t\t<div class=\"elementor-widget-container\">\n\t\t\t\t\t<section class=\"widget-container aux-widget-image aux-alignnone aux-parent-auc024de47\">\n    <div class=\"aux-media-hint-frame \">\n        <div class=\"aux-media-image \" >\n        \n            \n\n            \n            <img decoding=\"async\" width=\"93\" height=\"73\" src=\"https:\/\/rozakahve.com\/wp-content\/uploads\/Coffee-Bean-Sketch-3.svg\" class=\"attachment-full size-full\" alt=\"\" \/>            \n                <\/div>\n    <\/div>\n\n<\/section><!-- widget-container -->\t\t\t\t<\/div>\n\t\t\t\t<\/div>\n\t\t\t\t<div class=\"aux-scroll-anim elementor-element elementor-element-1077a8c elementor-widget__width-auto aux-appear-watch-animation aux-fade-in-custom elementor-widget elementor-widget-aux_image\" data-move-in=\"\" data-move-out=\"moveHorizontal\" data-axis-x=\"-15\" data-axis-y=\"50\" data-rotate=\"90\" data-scale=\"1\" data-vp-top=\"0.5\" data-vp-bot=\"0.5\" data-el-top=\"0.2\" data-scroll-animation-off=\"1024\" data-id=\"1077a8c\" data-element_type=\"widget\" data-e-type=\"widget\" data-widget_type=\"aux_image.default\">\n\t\t\t\t<div class=\"elementor-widget-container\">\n\t\t\t\t\t<section class=\"widget-container aux-widget-image aux-alignnone aux-parent-au56053210\">\n    <div class=\"aux-media-hint-frame \">\n        <div class=\"aux-media-image \" >\n        \n            \n\n            \n            <img decoding=\"async\" width=\"65\" height=\"79\" src=\"https:\/\/rozakahve.com\/wp-content\/uploads\/Coffee-Bean-Sketch-2-1.svg\" class=\"attachment-full size-full\" alt=\"\" \/>            \n                <\/div>\n    <\/div>\n\n<\/section><!-- widget-container -->\t\t\t\t<\/div>\n\t\t\t\t<\/div>\n\t\t\t\t<div class=\"aux-scroll-anim elementor-element elementor-element-fad06ad elementor-widget__width-auto aux-appear-watch-animation aux-fade-in-down elementor-widget elementor-widget-aux_image\" data-move-in=\"\" data-move-out=\"moveVertical\" data-axis-x=\"200\" data-axis-y=\"-20\" data-rotate=\"90\" data-scale=\"1\" data-vp-top=\"0.5\" data-vp-bot=\"0.5\" data-el-top=\"0.2\" data-scroll-animation-off=\"1024\" data-id=\"fad06ad\" data-element_type=\"widget\" data-e-type=\"widget\" data-widget_type=\"aux_image.default\">\n\t\t\t\t<div class=\"elementor-widget-container\">\n\t\t\t\t\t<section class=\"widget-container aux-widget-image aux-alignnone aux-parent-auf57c09e0\">\n    <div class=\"aux-media-hint-frame \">\n        <div class=\"aux-media-image \" >\n        \n            \n\n            \n            <img loading=\"lazy\" decoding=\"async\" width=\"364\" height=\"441\" src=\"data:image\/gif;base64,R0lGODlhAQABAIAAAAAAAP\/\/\/yH5BAEAAAAALAAAAAABAAEAAAIBRAA7\" class=\"aux-attachment aux-featured-image aux-attachment-id-403 aux-preload aux-blank\" alt=\"demo-attachment-338-Image-3\" data-ratio=\"0.83\" data-original-w=\"364\" data-src=\"https:\/\/rozakahve.com\/wp-content\/uploads\/Image-3.jpg\" \/>            \n                <\/div>\n    <\/div>\n\n<\/section><!-- widget-container -->\t\t\t\t<\/div>\n\t\t\t\t<\/div>\n\t\t\t\t<div class=\"aux-scroll-anim elementor-element elementor-element-d984446 elementor-widget__width-auto aux-appear-watch-animation aux-fade-in-up elementor-widget elementor-widget-aux_image\" data-move-in=\"\" data-move-out=\"moveVertical\" data-axis-x=\"200\" data-axis-y=\"20\" data-rotate=\"90\" data-scale=\"1\" data-vp-top=\"0.5\" data-vp-bot=\"0.5\" data-el-top=\"0.2\" data-scroll-animation-off=\"1024\" data-id=\"d984446\" data-element_type=\"widget\" data-e-type=\"widget\" data-widget_type=\"aux_image.default\">\n\t\t\t\t<div class=\"elementor-widget-container\">\n\t\t\t\t\t<section class=\"widget-container aux-widget-image aux-alignnone aux-parent-au6fb92c11\">\n    <div class=\"aux-media-hint-frame \">\n        <div class=\"aux-media-image \" >\n        \n            \n\n            \n            <img loading=\"lazy\" decoding=\"async\" width=\"224\" height=\"273\" src=\"data:image\/gif;base64,R0lGODlhAQABAIAAAAAAAP\/\/\/yH5BAEAAAAALAAAAAABAAEAAAIBRAA7\" class=\"aux-attachment aux-featured-image aux-attachment-id-404 aux-preload aux-blank\" alt=\"demo-attachment-337-Image-2\" data-ratio=\"0.82\" data-original-w=\"224\" data-src=\"https:\/\/rozakahve.com\/wp-content\/uploads\/Image-2.jpg\" \/>            \n                <\/div>\n    <\/div>\n\n<\/section><!-- widget-container -->\t\t\t\t<\/div>\n\t\t\t\t<\/div>\n\t\t\t\t<\/div>\n\t\t\t\t\t<\/div>\n\t\t\t\t<\/div>\n\t\t<div class=\"aux-parallax-section elementor-element elementor-element-71bfff1 e-flex e-con-boxed e-con e-parent\" data-id=\"71bfff1\" data-element_type=\"container\" data-e-type=\"container\" data-settings=\"{&quot;background_background&quot;:&quot;classic&quot;}\">\n\t\t\t\t\t<div class=\"e-con-inner\">\n\t\t<div class=\"elementor-element elementor-element-bf4bcec e-con-full e-flex e-con e-child\" data-id=\"bf4bcec\" data-element_type=\"container\" data-e-type=\"container\">\n\t\t\t\t<div class=\"aux-scroll-anim elementor-element elementor-element-e758ec5 elementor-widget__width-auto aux-appear-watch-animation aux-fade-in-custom elementor-widget elementor-widget-aux_image\" data-move-in=\"\" data-move-out=\"moveHorizontal\" data-axis-x=\"10\" data-axis-y=\"200\" data-rotate=\"90\" data-scale=\"1\" data-vp-top=\"0.5\" data-vp-bot=\"0.5\" data-el-top=\"0.2\" data-scroll-animation-off=\"1024\" data-id=\"e758ec5\" data-element_type=\"widget\" data-e-type=\"widget\" data-widget_type=\"aux_image.default\">\n\t\t\t\t<div class=\"elementor-widget-container\">\n\t\t\t\t\t<section class=\"widget-container aux-widget-image aux-alignnone aux-parent-auefe786ad\">\n    <div class=\"aux-media-hint-frame \">\n        <div class=\"aux-media-image \" >\n        \n            \n\n            \n            <img loading=\"lazy\" decoding=\"async\" width=\"55\" height=\"54\" src=\"https:\/\/rozakahve.com\/wp-content\/uploads\/Coffee-Bean-Sketch-golden-2.svg\" class=\"attachment-full size-full\" alt=\"\" \/>            \n                <\/div>\n    <\/div>\n\n<\/section><!-- widget-container -->\t\t\t\t<\/div>\n\t\t\t\t<\/div>\n\t\t\t\t<div class=\"aux-scroll-anim elementor-element elementor-element-4462f23 elementor-widget__width-auto aux-appear-watch-animation aux-fade-in-custom elementor-widget elementor-widget-aux_image\" data-move-in=\"\" data-move-out=\"moveVertical\" data-axis-x=\"-10\" data-axis-y=\"20\" data-rotate=\"90\" data-scale=\"1\" data-vp-top=\"0.5\" data-vp-bot=\"0.5\" data-el-top=\"0.2\" data-scroll-animation-off=\"1024\" data-id=\"4462f23\" data-element_type=\"widget\" data-e-type=\"widget\" data-widget_type=\"aux_image.default\">\n\t\t\t\t<div class=\"elementor-widget-container\">\n\t\t\t\t\t<section class=\"widget-container aux-widget-image aux-alignnone aux-parent-au7d1a5a73\">\n    <div class=\"aux-media-hint-frame \">\n        <div class=\"aux-media-image \" >\n        \n            \n\n            \n            <img loading=\"lazy\" decoding=\"async\" width=\"84\" height=\"103\" src=\"https:\/\/rozakahve.com\/wp-content\/uploads\/Coffee-Bean-Sketch-golden1.svg\" class=\"attachment-full size-full\" alt=\"\" \/>            \n                <\/div>\n    <\/div>\n\n<\/section><!-- widget-container -->\t\t\t\t<\/div>\n\t\t\t\t<\/div>\n\t\t\t\t<div class=\"elementor-element elementor-element-9a215a7 aux-appear-watch-animation aux-fade-in-right elementor-widget elementor-widget-aux_modern_heading\" data-id=\"9a215a7\" data-element_type=\"widget\" data-e-type=\"widget\" data-widget_type=\"aux_modern_heading.default\">\n\t\t\t\t<div class=\"elementor-widget-container\">\n\t\t\t\t\t<section class=\"aux-widget-modern-heading\">\n            <div class=\"aux-widget-inner\"><h3 class=\"aux-modern-heading-primary\">ZENG\u0130N DONANIM SE\u00c7ENEKLER\u0130<\/h3><h4 class=\"aux-modern-heading-secondary\"><span class=\"aux-head-before\">Kahvenin Her T\u00fcr\u00fc \u0130\u00e7in <br>Profesyonel Bir Makinemiz Mevcut<br><\/br><\/span><span class=\"aux-head-highlight\">\u0130\u015fletmenize en uygun teknolojiyi ke\u015ffedin<\/span><\/h4><\/div>\n        <\/section>\t\t\t\t<\/div>\n\t\t\t\t<\/div>\n\t\t\t\t<\/div>\n\t\t\t\t\t<\/div>\n\t\t\t\t<\/div>\n\t\t<div class=\"aux-parallax-section elementor-element elementor-element-cba688e e-flex e-con-boxed e-con e-parent\" data-id=\"cba688e\" data-element_type=\"container\" data-e-type=\"container\" data-settings=\"{&quot;background_background&quot;:&quot;classic&quot;}\">\n\t\t\t\t\t<div class=\"e-con-inner\">\n\t\t<div class=\"elementor-element elementor-element-60a0c6c e-con-full e-flex e-con e-child\" data-id=\"60a0c6c\" data-element_type=\"container\" data-e-type=\"container\">\n\t\t<div class=\"elementor-element elementor-element-8091b05 e-con-full e-flex e-con e-child\" data-id=\"8091b05\" data-element_type=\"container\" data-e-type=\"container\">\n\t\t<div class=\"elementor-element elementor-element-4187814 e-con-full e-flex e-con e-child\" data-id=\"4187814\" data-element_type=\"container\" data-e-type=\"container\">\n\t\t\t\t<div class=\"elementor-element elementor-element-f1846e6 aux-appear-watch-animation aux-fade-in-up elementor-widget elementor-widget-aux_staff\" data-id=\"f1846e6\" data-element_type=\"widget\" data-e-type=\"widget\" data-widget_type=\"aux_staff.default\">\n\t\t\t\t<div class=\"elementor-widget-container\">\n\t\t\t\t\t<section class=\"aux-wrap-style-simple widget-container aux-widget-staff aux-parent-au38771b5f\">    <div class=\"aux-staff-container aux-staff-pos-top aux-staff-text-center aux-staff-text-dark \" >\n            <div class=\"aux-staff-header aux-staff-img-round-rect\">\n            <div class=\"aux-media-image\"><img loading=\"lazy\" decoding=\"async\" width=\"380\" height=\"285\" src=\"https:\/\/rozakahve.com\/wp-content\/uploads\/douwe-egberts-coffeeb125.png\" alt=\"douwe-egberts-coffeeb125\" data-ratio=\"1.33\" data-original-w=\"380\" \/><\/div>        <\/div>\n            <div class=\"aux-staff-content\">\n                        <h4 class=\"col-title\">Douwe Egberts<\/h4>\n                        <h5 class=\"col-subtitle\"><br><\/h5>\n                        <div class=\"entry-content\">\n                                Douwe Egberts'in K\u00f6kl\u00fc tarihi 1753 de Hollanda'n\u0131n Joure kasabas\u0131nda ba\u015flad\u0131. Y\u0131llar boyunca bir\u00e7ok \u015fey de\u011fi\u015fse de s\u00fcrekli kalitemiz ve her Douwe Egberts paketindeki kahvenin kalitesi hi\u00e7 de\u011fi\u015fmedi.            <\/div>\n                    <\/div>\n\n    <\/div>\n\n\n<\/section><!-- widget-container -->\t\t\t\t<\/div>\n\t\t\t\t<\/div>\n\t\t\t\t<\/div>\n\t\t<div class=\"elementor-element elementor-element-2745052 e-con-full e-flex e-con e-child\" data-id=\"2745052\" data-element_type=\"container\" data-e-type=\"container\">\n\t\t\t\t<div class=\"elementor-element elementor-element-a7f424e aux-appear-watch-animation aux-fade-in-up elementor-widget elementor-widget-aux_staff\" data-id=\"a7f424e\" data-element_type=\"widget\" data-e-type=\"widget\" data-widget_type=\"aux_staff.default\">\n\t\t\t\t<div class=\"elementor-widget-container\">\n\t\t\t\t\t<section class=\"aux-wrap-style-simple widget-container aux-widget-staff aux-parent-auf4cc6242\">    <div class=\"aux-staff-container aux-staff-pos-top aux-staff-text-center aux-staff-text-dark \" >\n            <div class=\"aux-staff-header aux-staff-img-round-rect\">\n            <div class=\"aux-media-image\"><img loading=\"lazy\" decoding=\"async\" width=\"2560\" height=\"1440\" src=\"https:\/\/rozakahve.com\/wp-content\/uploads\/327426df-091f-4f77-bd0b-28b03d016323-scaled-1.png\" alt=\"327426df-091f-4f77-bd0b-28b03d016323-scaled\" data-ratio=\"1.78\" data-original-w=\"2560\" \/><\/div>        <\/div>\n            <div class=\"aux-staff-content\">\n                        <h4 class=\"col-title\">Piazza D\u2019Oro<\/h4>\n                        <h5 class=\"col-subtitle\"><br><\/h5>\n                        <div class=\"entry-content\">\n                                Kahvemiz harmanlama ve kavurma alan\u0131ndaki 300 y\u0131la yak\u0131n bilgi ve ustal\u0131\u011f\u0131n sonucudur. Piazza D\u2019Oro rafine lezzetler yarat\u0131r. Her yudumda tutarl\u0131 bir fincan kahve sunmak ve tad\u0131 canl\u0131 k\u0131lmak bizim g\u00f6revimizdir. Piazza D\u2019Oro ile her fincan kahve unutulmaz bir deneyime d\u00f6n\u00fc\u015f\u00fcr.            <\/div>\n                    <\/div>\n\n    <\/div>\n\n\n<\/section><!-- widget-container -->\t\t\t\t<\/div>\n\t\t\t\t<\/div>\n\t\t\t\t<\/div>\n\t\t\t\t<\/div>\n\t\t<div class=\"elementor-element elementor-element-dfeb9cb e-con-full e-flex e-con e-child\" data-id=\"dfeb9cb\" data-element_type=\"container\" data-e-type=\"container\">\n\t\t<div class=\"elementor-element elementor-element-fead370 e-con-full e-flex e-con e-child\" data-id=\"fead370\" data-element_type=\"container\" data-e-type=\"container\">\n\t\t\t\t<div class=\"elementor-element elementor-element-1785986 aux-appear-watch-animation aux-fade-in-up elementor-widget elementor-widget-aux_staff\" data-id=\"1785986\" data-element_type=\"widget\" data-e-type=\"widget\" data-widget_type=\"aux_staff.default\">\n\t\t\t\t<div class=\"elementor-widget-container\">\n\t\t\t\t\t<section class=\"aux-wrap-style-simple widget-container aux-widget-staff aux-parent-aub87a8133\">    <div class=\"aux-staff-container aux-staff-pos-top aux-staff-text-center aux-staff-text-dark \" >\n            <div class=\"aux-staff-header aux-staff-img-round-rect\">\n            <div class=\"aux-media-image\"><img loading=\"lazy\" decoding=\"async\" width=\"380\" height=\"286\" src=\"https:\/\/rozakahve.com\/wp-content\/uploads\/maxwell-house-coffeeb125.png\" alt=\"maxwell-house-coffeeb125\" data-ratio=\"1.33\" data-original-w=\"380\" \/><\/div>        <\/div>\n            <div class=\"aux-staff-content\">\n                        <h4 class=\"col-title\">Maxwell House<\/h4>\n                        <h5 class=\"col-subtitle\"><br><\/h5>\n                        <div class=\"entry-content\">\n                                Maxwell House kahvesinin lezzetli aromas\u0131 ve zengin tad\u0131 <br> nesiller boyunca sabahlar\u0131, enerji dolu toplant\u0131lar\u0131 ve rahat <br> anlar\u0131 ayd\u0131nlatt\u0131. Maxwell House gelece\u011fine dayanan kahve ustalar\u0131  <br> 100 y\u0131l\u0131 a\u015fk\u0131n s\u00fcredir oldu\u011fu gibi kahve \u00e7ekirdeklerini  <br> y\u00fcksek kalite standartlar\u0131nda \u00f6zenle harmanl\u0131yor ve kavuruyor.            <\/div>\n                    <\/div>\n\n    <\/div>\n\n\n<\/section><!-- widget-container -->\t\t\t\t<\/div>\n\t\t\t\t<\/div>\n\t\t\t\t<\/div>\n\t\t\t\t<\/div>\n\t\t\t\t<\/div>\n\t\t\t\t\t<\/div>\n\t\t\t\t<\/div>\n\t\t<div class=\"aux-parallax-section elementor-element elementor-element-aa803bb e-flex e-con-boxed e-con e-parent\" data-id=\"aa803bb\" data-element_type=\"container\" data-e-type=\"container\" data-settings=\"{&quot;background_background&quot;:&quot;classic&quot;}\">\n\t\t\t\t\t<div class=\"e-con-inner\">\n\t\t<div class=\"elementor-element elementor-element-55156cc e-con-full e-flex e-con e-child\" data-id=\"55156cc\" data-element_type=\"container\" data-e-type=\"container\">\n\t\t\t\t<div class=\"elementor-element elementor-element-3a9d178 aux-appear-watch-animation aux-fade-in-right elementor-widget elementor-widget-aux_modern_heading\" data-id=\"3a9d178\" data-element_type=\"widget\" data-e-type=\"widget\" data-widget_type=\"aux_modern_heading.default\">\n\t\t\t\t<div class=\"elementor-widget-container\">\n\t\t\t\t\t<section class=\"aux-widget-modern-heading\">\n            <div class=\"aux-widget-inner\"><h3 class=\"aux-modern-heading-primary\">\u0130\u015fletmeniz \u0130\u00e7in \u00d6zel Kahve \u00c7\u00f6z\u00fcmleri <\/h3><div class=\"aux-modern-heading-description\"><p>Uzman ekibimizle i\u015fletmenize uygun kahve deneyimini birlikte kural\u0131m<\/p><\/div><\/div>\n        <\/section>\t\t\t\t<\/div>\n\t\t\t\t<\/div>\n\t\t\t\t<div class=\"elementor-element elementor-element-5d69906 aux-appear-watch-animation aux-fade-in-right elementor-widget elementor-widget-aux_modern_button\" data-id=\"5d69906\" data-element_type=\"widget\" data-e-type=\"widget\" data-widget_type=\"aux_modern_button.default\">\n\t\t\t\t<div class=\"elementor-widget-container\">\n\t\t\t\t\t    <div class=\"aux-modern-button-wrapper aux-modern-button-align-center\" >\n                    <a class=\"aux-modern-button aux-black aux-modern-button-md aux-modern-button-normal aux-modern-button-default aux-icon-\" href=\"https:\/\/rozakahve.com\/index.php\/blog\/\">\n                <div class=\"aux-overlay\"><\/div>\n                                <div class=\"aux-text\">\n<span class=\"aux-text-before\">\u0130LET\u0130\u015e\u0130M<\/span>                <\/div>\n            <\/a>\n            \n    <\/div>\n\n    \t\t\t\t<\/div>\n\t\t\t\t<\/div>\n\t\t\t\t<\/div>\n\t\t\t\t\t<\/div>\n\t\t\t\t<\/div>\n\t\t\t\t<\/div>\n\t\t","protected":false},"excerpt":{"rendered":"<p>MARKALARIMIZ SE\u00c7K\u0130N KAHVE MARKALARI \u0130\u015fletmenizin Kimli\u011fine De\u011fer Katan Global Lezzet Ortaklar\u0131 K\u00fc\u00e7\u00fck bir butik kafeden, yo\u011fun sirk\u00fclasyona sahip otel ve restoran zincirlerine kadar her i\u015fletmenin ruhuna ve m\u00fc\u015fteri kitlesine hitap eden se\u00e7kin kahve markalar\u0131n\u0131 sizlerle bulu\u015fturuyoruz. Y\u00fczy\u0131llara dayanan kavurma ve harmanlama uzmanl\u0131\u011f\u0131yla \u00fcretilen bu global markalar sayesinde, misafirlerinize her yudumda de\u011fi\u015fmeyen, \u00fcst\u00fcn bir lezzet deneyimi [&hellip;]<\/p>\n","protected":false},"author":1,"featured_media":0,"parent":0,"menu_order":0,"comment_status":"closed","ping_status":"closed","template":"templates\/page-builder-content.php","meta":{"footnotes":""},"class_list":["post-542","page","type-page","status-publish","hentry"],"_links":{"self":[{"href":"https:\/\/rozakahve.com\/index.php\/wp-json\/wp\/v2\/pages\/542","targetHints":{"allow":["GET"]}}],"collection":[{"href":"https:\/\/rozakahve.com\/index.php\/wp-json\/wp\/v2\/pages"}],"about":[{"href":"https:\/\/rozakahve.com\/index.php\/wp-json\/wp\/v2\/types\/page"}],"author":[{"embeddable":true,"href":"https:\/\/rozakahve.com\/index.php\/wp-json\/wp\/v2\/users\/1"}],"replies":[{"embeddable":true,"href":"https:\/\/rozakahve.com\/index.php\/wp-json\/wp\/v2\/comments?post=542"}],"version-history":[{"count":30,"href":"https:\/\/rozakahve.com\/index.php\/wp-json\/wp\/v2\/pages\/542\/revisions"}],"predecessor-version":[{"id":618,"href":"https:\/\/rozakahve.com\/index.php\/wp-json\/wp\/v2\/pages\/542\/revisions\/618"}],"wp:attachment":[{"href":"https:\/\/rozakahve.com\/index.php\/wp-json\/wp\/v2\/media?parent=542"}],"curies":[{"name":"wp","href":"https:\/\/api.w.org\/{rel}","templated":true}]}}