{"id":442,"date":"2021-12-18T09:58:17","date_gmt":"2021-12-18T06:58:17","guid":{"rendered":"https:\/\/rozakahve.com\/index.php\/about\/"},"modified":"2026-04-15T10:14:18","modified_gmt":"2026-04-15T07:14:18","slug":"kahvelerimiz","status":"publish","type":"page","link":"https:\/\/rozakahve.com\/index.php\/kahvelerimiz\/","title":{"rendered":"Kahvelerimiz"},"content":{"rendered":"\t\t<div data-elementor-type=\"wp-page\" data-elementor-id=\"442\" class=\"elementor elementor-442\" data-elementor-post-type=\"page\">\n\t\t\t\t<div class=\"aux-parallax-section elementor-element elementor-element-d375267 e-flex e-con-boxed e-con e-parent\" data-id=\"d375267\" data-element_type=\"container\" data-e-type=\"container\" data-settings=\"{&quot;background_background&quot;:&quot;classic&quot;}\">\n\t\t\t\t\t<div class=\"e-con-inner\">\n\t\t<div class=\"elementor-element elementor-element-6cc5b2d e-con-full e-flex e-con e-child\" data-id=\"6cc5b2d\" data-element_type=\"container\" data-e-type=\"container\">\n\t\t\t\t<div class=\"elementor-element elementor-element-389f8f0 aux-appear-watch-animation aux-fade-in-right elementor-widget elementor-widget-aux_modern_heading\" data-id=\"389f8f0\" data-element_type=\"widget\" data-e-type=\"widget\" data-widget_type=\"aux_modern_heading.default\">\n\t\t\t\t<div class=\"elementor-widget-container\">\n\t\t\t\t\t<section class=\"aux-widget-modern-heading\">\n            <div class=\"aux-widget-inner\"><h3 class=\"aux-modern-heading-primary\">KAHVELER\u0130M\u0130Z<\/h3><\/div>\n        <\/section>\t\t\t\t<\/div>\n\t\t\t\t<\/div>\n\t\t\t\t<\/div>\n\t\t<div class=\"elementor-element elementor-element-eccc917 e-con-full e-flex e-con e-child\" data-id=\"eccc917\" data-element_type=\"container\" data-e-type=\"container\">\n\t\t\t\t<\/div>\n\t\t\t\t\t<\/div>\n\t\t\t\t<\/div>\n\t\t<div class=\"aux-parallax-section elementor-element elementor-element-f07c4b6 e-flex e-con-boxed e-con e-parent\" data-id=\"f07c4b6\" data-element_type=\"container\" data-e-type=\"container\" data-settings=\"{&quot;background_background&quot;:&quot;classic&quot;}\">\n\t\t\t\t\t<div class=\"e-con-inner\">\n\t\t<div class=\"elementor-element elementor-element-c0e853e e-con-full e-flex e-con e-child\" data-id=\"c0e853e\" data-element_type=\"container\" data-e-type=\"container\" data-settings=\"{&quot;background_background&quot;:&quot;classic&quot;}\">\n\t\t\t\t<div class=\"aux-scroll-anim elementor-element elementor-element-e357efa elementor-widget__width-auto aux-appear-watch-animation aux-fade-in-custom elementor-widget elementor-widget-aux_image\" data-move-in=\"\" data-move-out=\"moveHorizontal\" data-axis-x=\"10\" data-axis-y=\"200\" data-rotate=\"90\" data-scale=\"1\" data-vp-top=\"0.5\" data-vp-bot=\"0.5\" data-el-top=\"0.2\" data-scroll-animation-off=\"1024\" data-id=\"e357efa\" data-element_type=\"widget\" data-e-type=\"widget\" data-widget_type=\"aux_image.default\">\n\t\t\t\t<div class=\"elementor-widget-container\">\n\t\t\t\t\t<section class=\"widget-container aux-widget-image aux-alignnone aux-parent-aub725685d\">\n    <div class=\"aux-media-hint-frame \">\n        <div class=\"aux-media-image \" >\n        \n            \n\n            \n            <img decoding=\"async\" width=\"66\" height=\"63\" src=\"https:\/\/rozakahve.com\/wp-content\/uploads\/Coffee-Bean-Sketch.svg\" class=\"attachment-full size-full\" alt=\"\" \/>            \n                <\/div>\n    <\/div>\n\n<\/section><!-- widget-container -->\t\t\t\t<\/div>\n\t\t\t\t<\/div>\n\t\t\t\t<div class=\"elementor-element elementor-element-1992f67 aux-appear-watch-animation aux-fade-in-right elementor-widget elementor-widget-aux_modern_heading\" data-id=\"1992f67\" data-element_type=\"widget\" data-e-type=\"widget\" data-widget_type=\"aux_modern_heading.default\">\n\t\t\t\t<div class=\"elementor-widget-container\">\n\t\t\t\t\t<section class=\"aux-widget-modern-heading\">\n            <div class=\"aux-widget-inner\"><h2 class=\"aux-modern-heading-primary\">Premium Kahve Harmanlar\u0131<\/h2><h3 class=\"aux-modern-heading-secondary\"><span class=\"aux-head-before\">\u0130\u015fletmeniz \u0130\u00e7in \u00d6zenle Se\u00e7ilmi\u015f Lezzetler<\/span><\/h3><div class=\"aux-modern-heading-description\"><p>Roza Kahve olarak, i\u015fletmenizde misafirlerinize ve personelinize unutulmaz bir deneyim sunacak global kahve markalar\u0131n\u0131 bir araya getiriyoruz. \u00d6zenle kavrulmu\u015f espresso \u00e7ekirdeklerinden, operasyonunuza h\u0131z katan pratik \u00e7\u00f6z\u00fcmlere kadar uzanan geni\u015f yelpazemizle her fincanda ayn\u0131 kusursuz lezzet standard\u0131n\u0131 yakalaman\u0131z\u0131 sa\u011fl\u0131yoruz.<\/p><\/div><\/div>\n        <\/section>\t\t\t\t<\/div>\n\t\t\t\t<\/div>\n\t\t\t\t<div class=\"elementor-element elementor-element-62dbe33 aux-appear-watch-animation aux-fade-in-right elementor-widget elementor-widget-text-editor\" data-id=\"62dbe33\" data-element_type=\"widget\" data-e-type=\"widget\" data-widget_type=\"text-editor.default\">\n\t\t\t\t<div class=\"elementor-widget-container\">\n\t\t\t\t\t\t\t\t\t<p>\u0130\u015fletmenizin anl\u0131k t\u00fcketim hacmine ve demleme ekipmanlar\u0131na en uygun kahve profilini belirlemek i\u00e7in uzman ekibimizle yan\u0131n\u0131zday\u0131z. Sadece \u00fcst\u00fcn kaliteyi sunmakla kalm\u0131yor, d\u00fczenli ve taze tedarik a\u011f\u0131m\u0131zla kahve stoklar\u0131n\u0131z\u0131 her zaman g\u00fcvence alt\u0131nda tutuyoruz.<\/p>\t\t\t\t\t\t\t\t<\/div>\n\t\t\t\t<\/div>\n\t\t\t\t<\/div>\n\t\t<div class=\"elementor-element elementor-element-f3e87ab e-con-full e-flex e-con e-child\" data-id=\"f3e87ab\" data-element_type=\"container\" data-e-type=\"container\">\n\t\t\t\t<div class=\"aux-scroll-anim elementor-element elementor-element-84e4e33 elementor-widget__width-auto aux-appear-watch-animation aux-fade-in-custom elementor-widget elementor-widget-aux_image\" data-move-in=\"\" data-move-out=\"moveHorizontal\" data-axis-x=\"10\" data-axis-y=\"200\" data-rotate=\"90\" data-scale=\"1\" data-vp-top=\"0.5\" data-vp-bot=\"0.5\" data-el-top=\"0.2\" data-scroll-animation-off=\"1024\" data-id=\"84e4e33\" data-element_type=\"widget\" data-e-type=\"widget\" data-widget_type=\"aux_image.default\">\n\t\t\t\t<div class=\"elementor-widget-container\">\n\t\t\t\t\t<section class=\"widget-container aux-widget-image aux-alignnone aux-parent-au0b0b72b0\">\n    <div class=\"aux-media-hint-frame \">\n        <div class=\"aux-media-image \" >\n        \n            \n\n            \n            <img decoding=\"async\" width=\"93\" height=\"73\" src=\"https:\/\/rozakahve.com\/wp-content\/uploads\/Coffee-Bean-Sketch-3.svg\" class=\"attachment-full size-full\" alt=\"\" \/>            \n                <\/div>\n    <\/div>\n\n<\/section><!-- widget-container -->\t\t\t\t<\/div>\n\t\t\t\t<\/div>\n\t\t\t\t<div class=\"aux-scroll-anim elementor-element elementor-element-1077a8c elementor-widget__width-auto aux-appear-watch-animation aux-fade-in-custom elementor-widget elementor-widget-aux_image\" data-move-in=\"\" data-move-out=\"moveHorizontal\" data-axis-x=\"-15\" data-axis-y=\"50\" data-rotate=\"90\" data-scale=\"1\" data-vp-top=\"0.5\" data-vp-bot=\"0.5\" data-el-top=\"0.2\" data-scroll-animation-off=\"1024\" data-id=\"1077a8c\" data-element_type=\"widget\" data-e-type=\"widget\" data-widget_type=\"aux_image.default\">\n\t\t\t\t<div class=\"elementor-widget-container\">\n\t\t\t\t\t<section class=\"widget-container aux-widget-image aux-alignnone aux-parent-au995ed96a\">\n    <div class=\"aux-media-hint-frame \">\n        <div class=\"aux-media-image \" >\n        \n            \n\n            \n            <img decoding=\"async\" width=\"65\" height=\"79\" src=\"https:\/\/rozakahve.com\/wp-content\/uploads\/Coffee-Bean-Sketch-2-1.svg\" class=\"attachment-full size-full\" alt=\"\" \/>            \n                <\/div>\n    <\/div>\n\n<\/section><!-- widget-container -->\t\t\t\t<\/div>\n\t\t\t\t<\/div>\n\t\t\t\t<div class=\"aux-scroll-anim elementor-element elementor-element-fad06ad elementor-widget__width-auto aux-appear-watch-animation aux-fade-in-down elementor-widget elementor-widget-aux_image\" data-move-in=\"\" data-move-out=\"moveVertical\" data-axis-x=\"200\" data-axis-y=\"-20\" data-rotate=\"90\" data-scale=\"1\" data-vp-top=\"0.5\" data-vp-bot=\"0.5\" data-el-top=\"0.2\" data-scroll-animation-off=\"1024\" data-id=\"fad06ad\" data-element_type=\"widget\" data-e-type=\"widget\" data-widget_type=\"aux_image.default\">\n\t\t\t\t<div class=\"elementor-widget-container\">\n\t\t\t\t\t<section class=\"widget-container aux-widget-image aux-alignnone aux-parent-au43ede9ed\">\n    <div class=\"aux-media-hint-frame \">\n        <div class=\"aux-media-image \" >\n        \n            \n\n            \n            <img loading=\"lazy\" decoding=\"async\" width=\"364\" height=\"441\" src=\"data:image\/gif;base64,R0lGODlhAQABAIAAAAAAAP\/\/\/yH5BAEAAAAALAAAAAABAAEAAAIBRAA7\" class=\"aux-attachment aux-featured-image aux-attachment-id-403 aux-preload aux-blank\" alt=\"demo-attachment-338-Image-3\" data-ratio=\"0.83\" data-original-w=\"364\" data-src=\"https:\/\/rozakahve.com\/wp-content\/uploads\/Image-3.jpg\" \/>            \n                <\/div>\n    <\/div>\n\n<\/section><!-- widget-container -->\t\t\t\t<\/div>\n\t\t\t\t<\/div>\n\t\t\t\t<div class=\"aux-scroll-anim elementor-element elementor-element-d984446 elementor-widget__width-auto aux-appear-watch-animation aux-fade-in-up elementor-widget elementor-widget-aux_image\" data-move-in=\"\" data-move-out=\"moveVertical\" data-axis-x=\"200\" data-axis-y=\"20\" data-rotate=\"90\" data-scale=\"1\" data-vp-top=\"0.5\" data-vp-bot=\"0.5\" data-el-top=\"0.2\" data-scroll-animation-off=\"1024\" data-id=\"d984446\" data-element_type=\"widget\" data-e-type=\"widget\" data-widget_type=\"aux_image.default\">\n\t\t\t\t<div class=\"elementor-widget-container\">\n\t\t\t\t\t<section class=\"widget-container aux-widget-image aux-alignnone aux-parent-au2e8a27a8\">\n    <div class=\"aux-media-hint-frame \">\n        <div class=\"aux-media-image \" >\n        \n            \n\n            \n            <img loading=\"lazy\" decoding=\"async\" width=\"224\" height=\"273\" src=\"data:image\/gif;base64,R0lGODlhAQABAIAAAAAAAP\/\/\/yH5BAEAAAAALAAAAAABAAEAAAIBRAA7\" class=\"aux-attachment aux-featured-image aux-attachment-id-404 aux-preload aux-blank\" alt=\"demo-attachment-337-Image-2\" data-ratio=\"0.82\" data-original-w=\"224\" data-src=\"https:\/\/rozakahve.com\/wp-content\/uploads\/Image-2.jpg\" \/>            \n                <\/div>\n    <\/div>\n\n<\/section><!-- widget-container -->\t\t\t\t<\/div>\n\t\t\t\t<\/div>\n\t\t\t\t<\/div>\n\t\t\t\t\t<\/div>\n\t\t\t\t<\/div>\n\t\t<div class=\"aux-parallax-section elementor-element elementor-element-71bfff1 e-flex e-con-boxed e-con e-parent\" data-id=\"71bfff1\" data-element_type=\"container\" data-e-type=\"container\" data-settings=\"{&quot;background_background&quot;:&quot;classic&quot;}\">\n\t\t\t\t\t<div class=\"e-con-inner\">\n\t\t<div class=\"elementor-element elementor-element-bf4bcec e-con-full e-flex e-con e-child\" data-id=\"bf4bcec\" data-element_type=\"container\" data-e-type=\"container\">\n\t\t\t\t<div class=\"aux-scroll-anim elementor-element elementor-element-e758ec5 elementor-widget__width-auto aux-appear-watch-animation aux-fade-in-custom elementor-widget elementor-widget-aux_image\" data-move-in=\"\" data-move-out=\"moveHorizontal\" data-axis-x=\"10\" data-axis-y=\"200\" data-rotate=\"90\" data-scale=\"1\" data-vp-top=\"0.5\" data-vp-bot=\"0.5\" data-el-top=\"0.2\" data-scroll-animation-off=\"1024\" data-id=\"e758ec5\" data-element_type=\"widget\" data-e-type=\"widget\" data-widget_type=\"aux_image.default\">\n\t\t\t\t<div class=\"elementor-widget-container\">\n\t\t\t\t\t<section class=\"widget-container aux-widget-image aux-alignnone aux-parent-aubd507401\">\n    <div class=\"aux-media-hint-frame \">\n        <div class=\"aux-media-image \" >\n        \n            \n\n            \n            <img loading=\"lazy\" decoding=\"async\" width=\"55\" height=\"54\" src=\"https:\/\/rozakahve.com\/wp-content\/uploads\/Coffee-Bean-Sketch-golden-2.svg\" class=\"attachment-full size-full\" alt=\"\" \/>            \n                <\/div>\n    <\/div>\n\n<\/section><!-- widget-container -->\t\t\t\t<\/div>\n\t\t\t\t<\/div>\n\t\t\t\t<div class=\"aux-scroll-anim elementor-element elementor-element-4462f23 elementor-widget__width-auto aux-appear-watch-animation aux-fade-in-custom elementor-widget elementor-widget-aux_image\" data-move-in=\"\" data-move-out=\"moveVertical\" data-axis-x=\"-10\" data-axis-y=\"20\" data-rotate=\"90\" data-scale=\"1\" data-vp-top=\"0.5\" data-vp-bot=\"0.5\" data-el-top=\"0.2\" data-scroll-animation-off=\"1024\" data-id=\"4462f23\" data-element_type=\"widget\" data-e-type=\"widget\" data-widget_type=\"aux_image.default\">\n\t\t\t\t<div class=\"elementor-widget-container\">\n\t\t\t\t\t<section class=\"widget-container aux-widget-image aux-alignnone aux-parent-au83e2b856\">\n    <div class=\"aux-media-hint-frame \">\n        <div class=\"aux-media-image \" >\n        \n            \n\n            \n            <img loading=\"lazy\" decoding=\"async\" width=\"84\" height=\"103\" src=\"https:\/\/rozakahve.com\/wp-content\/uploads\/Coffee-Bean-Sketch-golden1.svg\" class=\"attachment-full size-full\" alt=\"\" \/>            \n                <\/div>\n    <\/div>\n\n<\/section><!-- widget-container -->\t\t\t\t<\/div>\n\t\t\t\t<\/div>\n\t\t\t\t<div class=\"elementor-element elementor-element-9a215a7 aux-appear-watch-animation aux-fade-in-right elementor-widget elementor-widget-aux_modern_heading\" data-id=\"9a215a7\" data-element_type=\"widget\" data-e-type=\"widget\" data-widget_type=\"aux_modern_heading.default\">\n\t\t\t\t<div class=\"elementor-widget-container\">\n\t\t\t\t\t<section class=\"aux-widget-modern-heading\">\n            <div class=\"aux-widget-inner\"><h3 class=\"aux-modern-heading-primary\">Her Damak Tad\u0131na Uygun Bir Fincan Kahve\n<\/h3><h4 class=\"aux-modern-heading-secondary\"><span class=\"aux-head-before\">En kaliteli kahveyi sunmak, yapt\u0131\u011f\u0131m\u0131z her \u015feyin merkezinde yer al\u0131r.<br><\/br><\/span><span class=\"aux-head-highlight\">\u00c7ok \u00e7e\u015fitli \u00fcr\u00fcn yelpazemiz ve uzman ekibimizle, her zaman nerede olursa olsun servis edece\u011finiz her fincanda size ve m\u00fc\u015fterilerinize aromatik bir deneyim sunmay\u0131 ama\u00e7l\u0131yoruz.<\/span><\/h4><\/div>\n        <\/section>\t\t\t\t<\/div>\n\t\t\t\t<\/div>\n\t\t\t\t<\/div>\n\t\t\t\t\t<\/div>\n\t\t\t\t<\/div>\n\t\t<div class=\"aux-parallax-section elementor-element elementor-element-cba688e e-flex e-con-boxed e-con e-parent\" data-id=\"cba688e\" data-element_type=\"container\" data-e-type=\"container\" data-settings=\"{&quot;background_background&quot;:&quot;classic&quot;}\">\n\t\t\t\t\t<div class=\"e-con-inner\">\n\t\t<div class=\"elementor-element elementor-element-60a0c6c e-con-full e-flex e-con e-child\" data-id=\"60a0c6c\" data-element_type=\"container\" data-e-type=\"container\">\n\t\t<div class=\"elementor-element elementor-element-8091b05 e-con-full e-flex e-con e-child\" data-id=\"8091b05\" data-element_type=\"container\" data-e-type=\"container\">\n\t\t<div class=\"elementor-element elementor-element-4187814 e-con-full e-flex e-con e-child\" data-id=\"4187814\" data-element_type=\"container\" data-e-type=\"container\">\n\t\t\t\t<div class=\"elementor-element elementor-element-f1846e6 aux-appear-watch-animation aux-fade-in-up elementor-widget elementor-widget-aux_staff\" data-id=\"f1846e6\" data-element_type=\"widget\" data-e-type=\"widget\" data-widget_type=\"aux_staff.default\">\n\t\t\t\t<div class=\"elementor-widget-container\">\n\t\t\t\t\t<section class=\"aux-wrap-style-simple widget-container aux-widget-staff aux-parent-aue44a66ba\">    <div class=\"aux-staff-container aux-staff-pos-top aux-staff-text-center aux-staff-text-dark \" >\n            <div class=\"aux-staff-header aux-staff-img-round-rect\">\n            <div class=\"aux-media-image\"><img loading=\"lazy\" decoding=\"async\" width=\"380\" height=\"178\" src=\"https:\/\/rozakahve.com\/wp-content\/uploads\/coffeetype-instantb125.png\" alt=\"coffeetype-instantb125\" data-ratio=\"2.13\" data-original-w=\"380\" \/><\/div>        <\/div>\n            <div class=\"aux-staff-content\">\n                        <h4 class=\"col-title\">Espresso \u00c7ekirdek<\/h4>\n                        <h5 class=\"col-subtitle\"><br><\/h5>\n                        <div class=\"entry-content\">\n                                300 y\u0131la yak\u0131n tecr\u00fcbe ile uzmanlar taraf\u0131ndan geli\u015ftirilen birinci s\u0131n\u0131f Espresso harmanlar\u0131 zevkle yudumlad\u0131\u011f\u0131n\u0131z her fincana \u00f6zel bir de\u011fer katar .            <\/div>\n                    <\/div>\n\n    <\/div>\n\n\n<\/section><!-- widget-container -->\t\t\t\t<\/div>\n\t\t\t\t<\/div>\n\t\t\t\t<\/div>\n\t\t<div class=\"elementor-element elementor-element-2745052 e-con-full e-flex e-con e-child\" data-id=\"2745052\" data-element_type=\"container\" data-e-type=\"container\">\n\t\t\t\t<div class=\"elementor-element elementor-element-a7f424e aux-appear-watch-animation aux-fade-in-up elementor-widget elementor-widget-aux_staff\" data-id=\"a7f424e\" data-element_type=\"widget\" data-e-type=\"widget\" data-widget_type=\"aux_staff.default\">\n\t\t\t\t<div class=\"elementor-widget-container\">\n\t\t\t\t\t<section class=\"aux-wrap-style-simple widget-container aux-widget-staff aux-parent-au04bb6a55\">    <div class=\"aux-staff-container aux-staff-pos-top aux-staff-text-center aux-staff-text-dark \" >\n            <div class=\"aux-staff-header aux-staff-img-round-rect\">\n            <div class=\"aux-media-image\"><img loading=\"lazy\" decoding=\"async\" width=\"380\" height=\"181\" src=\"https:\/\/rozakahve.com\/wp-content\/uploads\/coffeetype-espressob125.png\" alt=\"coffeetype-espressob125\" data-ratio=\"2.1\" data-original-w=\"380\" \/><\/div>        <\/div>\n            <div class=\"aux-staff-content\">\n                        <h4 class=\"col-title\">Haz\u0131r Kahveler<\/h4>\n                        <h5 class=\"col-subtitle\"><br><\/h5>\n                        <div class=\"entry-content\">\n                                Kahve hayat\u0131n g\u00fc\u00e7l\u00fc zevklerinden biridir. Y\u0131llar\u0131n kahve tutkusunu instant kahvemizi t\u00fcketicilerin de be\u011fenisine sunduk. Bu Deneyelim ile herkes harika tattaki kahvemize ula\u015fabilir olacak.            <\/div>\n                    <\/div>\n\n    <\/div>\n\n\n<\/section><!-- widget-container -->\t\t\t\t<\/div>\n\t\t\t\t<\/div>\n\t\t\t\t<\/div>\n\t\t\t\t<\/div>\n\t\t<div class=\"elementor-element elementor-element-dfeb9cb e-con-full e-flex e-con e-child\" data-id=\"dfeb9cb\" data-element_type=\"container\" data-e-type=\"container\">\n\t\t<div class=\"elementor-element elementor-element-fead370 e-con-full e-flex e-con e-child\" data-id=\"fead370\" data-element_type=\"container\" data-e-type=\"container\">\n\t\t\t\t<div class=\"elementor-element elementor-element-1785986 aux-appear-watch-animation aux-fade-in-up elementor-widget elementor-widget-aux_staff\" data-id=\"1785986\" data-element_type=\"widget\" data-e-type=\"widget\" data-widget_type=\"aux_staff.default\">\n\t\t\t\t<div class=\"elementor-widget-container\">\n\t\t\t\t\t<section class=\"aux-wrap-style-simple widget-container aux-widget-staff aux-parent-au16b0db8f\">    <div class=\"aux-staff-container aux-staff-pos-top aux-staff-text-center aux-staff-text-dark \" >\n            <div class=\"aux-staff-header aux-staff-img-round-rect\">\n            <div class=\"aux-media-image\"><img loading=\"lazy\" decoding=\"async\" width=\"380\" height=\"178\" src=\"https:\/\/rozakahve.com\/wp-content\/uploads\/coffeetype-cafitesseb125.png\" alt=\"coffeetype-cafitesseb125\" data-ratio=\"2.13\" data-original-w=\"380\" \/><\/div>        <\/div>\n            <div class=\"aux-staff-content\">\n                        <h4 class=\"col-title\">Likit Kahveler<\/h4>\n                        <h5 class=\"col-subtitle\"><br><\/h5>\n                        <div class=\"entry-content\">\n                                Douwe Egberts uzmanlar\u0131, gezegendeki en iyi \u00e7ekirdekleri temin eder<br> ve bunlar\u0131 hassas bir \u015fekilde harmanlar\u0131-kavurur-demler ve ak\u0131ll\u0131ca paketler. <br>T\u00fcm tatlar\u0131 m\u00fch\u00fcrlemek i\u00e7inde durdurur.            <\/div>\n                    <\/div>\n\n    <\/div>\n\n\n<\/section><!-- widget-container -->\t\t\t\t<\/div>\n\t\t\t\t<\/div>\n\t\t\t\t<\/div>\n\t\t\t\t<\/div>\n\t\t\t\t<\/div>\n\t\t\t\t\t<\/div>\n\t\t\t\t<\/div>\n\t\t<div class=\"aux-parallax-section elementor-element elementor-element-aa803bb e-flex e-con-boxed e-con e-parent\" data-id=\"aa803bb\" data-element_type=\"container\" data-e-type=\"container\" data-settings=\"{&quot;background_background&quot;:&quot;classic&quot;}\">\n\t\t\t\t\t<div class=\"e-con-inner\">\n\t\t<div class=\"elementor-element elementor-element-55156cc e-con-full e-flex e-con e-child\" data-id=\"55156cc\" data-element_type=\"container\" data-e-type=\"container\">\n\t\t\t\t<div class=\"elementor-element elementor-element-3a9d178 aux-appear-watch-animation aux-fade-in-right elementor-widget elementor-widget-aux_modern_heading\" data-id=\"3a9d178\" data-element_type=\"widget\" data-e-type=\"widget\" data-widget_type=\"aux_modern_heading.default\">\n\t\t\t\t<div class=\"elementor-widget-container\">\n\t\t\t\t\t<section class=\"aux-widget-modern-heading\">\n            <div class=\"aux-widget-inner\"><h3 class=\"aux-modern-heading-primary\">\u0130\u015fletmeniz \u0130\u00e7in \u00d6zel Kahve \u00c7\u00f6z\u00fcmleri <\/h3><div class=\"aux-modern-heading-description\"><p>Uzman ekibimizle i\u015fletmenize uygun kahve deneyimini birlikte kural\u0131m<\/p><\/div><\/div>\n        <\/section>\t\t\t\t<\/div>\n\t\t\t\t<\/div>\n\t\t\t\t<div class=\"elementor-element elementor-element-5d69906 aux-appear-watch-animation aux-fade-in-right elementor-widget elementor-widget-aux_modern_button\" data-id=\"5d69906\" data-element_type=\"widget\" data-e-type=\"widget\" data-widget_type=\"aux_modern_button.default\">\n\t\t\t\t<div class=\"elementor-widget-container\">\n\t\t\t\t\t    <div class=\"aux-modern-button-wrapper aux-modern-button-align-center\" >\n                    <a class=\"aux-modern-button aux-black aux-modern-button-md aux-modern-button-normal aux-modern-button-default aux-icon-\" href=\"https:\/\/rozakahve.com\/index.php\/blog\/\">\n                <div class=\"aux-overlay\"><\/div>\n                                <div class=\"aux-text\">\n<span class=\"aux-text-before\">\u0130LET\u0130\u015e\u0130M<\/span>                <\/div>\n            <\/a>\n            \n    <\/div>\n\n    \t\t\t\t<\/div>\n\t\t\t\t<\/div>\n\t\t\t\t<\/div>\n\t\t\t\t\t<\/div>\n\t\t\t\t<\/div>\n\t\t\t\t<\/div>\n\t\t","protected":false},"excerpt":{"rendered":"<p>KAHVELER\u0130M\u0130Z Premium Kahve Harmanlar\u0131 \u0130\u015fletmeniz \u0130\u00e7in \u00d6zenle Se\u00e7ilmi\u015f Lezzetler Roza Kahve olarak, i\u015fletmenizde misafirlerinize ve personelinize unutulmaz bir deneyim sunacak global kahve markalar\u0131n\u0131 bir araya getiriyoruz. \u00d6zenle kavrulmu\u015f espresso \u00e7ekirdeklerinden, operasyonunuza h\u0131z katan pratik \u00e7\u00f6z\u00fcmlere kadar uzanan geni\u015f yelpazemizle her fincanda ayn\u0131 kusursuz lezzet standard\u0131n\u0131 yakalaman\u0131z\u0131 sa\u011fl\u0131yoruz. \u0130\u015fletmenizin anl\u0131k t\u00fcketim hacmine ve demleme ekipmanlar\u0131na en [&hellip;]<\/p>\n","protected":false},"author":1,"featured_media":0,"parent":0,"menu_order":0,"comment_status":"closed","ping_status":"closed","template":"templates\/page-builder-content.php","meta":{"footnotes":""},"class_list":["post-442","page","type-page","status-publish","hentry"],"_links":{"self":[{"href":"https:\/\/rozakahve.com\/index.php\/wp-json\/wp\/v2\/pages\/442","targetHints":{"allow":["GET"]}}],"collection":[{"href":"https:\/\/rozakahve.com\/index.php\/wp-json\/wp\/v2\/pages"}],"about":[{"href":"https:\/\/rozakahve.com\/index.php\/wp-json\/wp\/v2\/types\/page"}],"author":[{"embeddable":true,"href":"https:\/\/rozakahve.com\/index.php\/wp-json\/wp\/v2\/users\/1"}],"replies":[{"embeddable":true,"href":"https:\/\/rozakahve.com\/index.php\/wp-json\/wp\/v2\/comments?post=442"}],"version-history":[{"count":19,"href":"https:\/\/rozakahve.com\/index.php\/wp-json\/wp\/v2\/pages\/442\/revisions"}],"predecessor-version":[{"id":564,"href":"https:\/\/rozakahve.com\/index.php\/wp-json\/wp\/v2\/pages\/442\/revisions\/564"}],"wp:attachment":[{"href":"https:\/\/rozakahve.com\/index.php\/wp-json\/wp\/v2\/media?parent=442"}],"curies":[{"name":"wp","href":"https:\/\/api.w.org\/{rel}","templated":true}]}}